{"id":548,"date":"2022-03-16T15:03:55","date_gmt":"2022-03-16T15:03:55","guid":{"rendered":"https:\/\/pulsarproperties.es\/?page_id=548"},"modified":"2023-12-01T17:02:58","modified_gmt":"2023-12-01T16:02:58","slug":"politica-de-privacidad","status":"publish","type":"page","link":"http:\/\/pulsarproperties.es\/en\/politica-de-privacidad\/","title":{"rendered":"Pol\u00edtica de Privacidad"},"content":{"rendered":"\n[et_pb_section fb_built=\u00bb1&#8243; _builder_version=\u00bb4.14.8&#8243; _module_preset=\u00bbdefault\u00bb custom_padding=\u00bb50px||125px||false|false\u00bb global_colors_info=\u00bb{}\u00bb][et_pb_row _builder_version=\u00bb4.14.8&#8243; _module_preset=\u00bbdefault\u00bb width=\u00bb100%\u00bb custom_padding=\u00bb0px||0px||false|false\u00bb global_colors_info=\u00bb{}\u00bb][et_pb_column type=\u00bb4_4&#8243; _builder_version=\u00bb4.14.8&#8243; _module_preset=\u00bbdefault\u00bb global_colors_info=\u00bb{}\u00bb][et_pb_text _builder_version=\u00bb4.14.8&#8243; _module_preset=\u00bbdefault\u00bb text_font=\u00bbTitillium Web|700||on|||||\u00bb text_text_color=\u00bb#008ccd\u00bb text_font_size=\u00bb30px\u00bb text_line_height=\u00bb1em\u00bb locked=\u00bboff\u00bb global_colors_info=\u00bb{}\u00bb]<p>Pol\u00edtica de privacidad<\/p>[\/et_pb_text][et_pb_text _builder_version=\u00bb4.14.8&#8243; _module_preset=\u00bbdefault\u00bb custom_margin=\u00bb30px||||false|false\u00bb global_colors_info=\u00bb{}\u00bb]<p>Siguiendo los principios de licitud, lealtad y transparencia, ponemos a su disposici\u00f3n la presente Pol\u00edtica de Privacidad.<\/p>\n<p><strong>\u00bfQui\u00e9n es el Responsable del tratamiento de sus datos?<\/strong><\/p>\n<p>PULSAR PROPERTIES S.A.<br \/>CIF: A83292706<br \/>DOMICILIO SOCIAL: C\/ ORENSE 25, 3\u00ba C, 28020, MADRID<br \/>Email: <a href=\"mailto:info@pulsarpartners.es\">info@pulsarpartners.es<\/a><br \/>Tel\u00e9fono: 916 684 908<\/p>\n<p><strong>\u00bfCon qu\u00e9 finalidad tratamos sus datos personales?<\/strong><\/p>\n<p>En PULSAR PROPERTIES S.A. tratamos la informaci\u00f3n que nos facilita con la finalidad de gestionar la relaci\u00f3n contractual que nos une, gestionar el env\u00edo de la informaci\u00f3n que nos solicita, facilitar a los interesados ofertas de nuestros servicios y\/o productos de su inter\u00e9s.<\/p>\n<p><strong>\u00bfPor cu\u00e1nto tiempo conservaremos sus datos personales?<\/strong><\/p>\n<p>Sus datos, ser\u00e1n conservados el tiempo m\u00ednimo necesario para la correcta prestaci\u00f3n del servicio ofrecido as\u00ed como para atender las responsabilidades que se pudieran derivar del mismo y de cualquier otra exigencia legal.<\/p>\n<p><strong>\u00bfCu\u00e1l es la legitimaci\u00f3n para el tratamiento de sus datos?<\/strong><\/p>\n<p>La base legal para el tratamiento de sus datos personales puede ser la ejecuci\u00f3n de una relaci\u00f3n contractual potencial y\/o suscrita, el inter\u00e9s leg\u00edtimo, la habilitaci\u00f3n legal y\/o el consentimiento del propio interesado. Los datos que le solicitamos son adecuados, pertinentes y estrictamente necesarios y en ning\u00fan caso est\u00e1 obligado a facilit\u00e1rnoslos, pero su no comunicaci\u00f3n podr\u00e1 afectar a la finalidad del servicio o la imposibilidad de prestarlo.<\/p>\n<p><strong>\u00bfA qu\u00e9 destinatarios se comunicar\u00e1n sus datos?<\/strong><\/p>\n<p>PULSAR PROPERTIES S.A. no comunicar\u00e1 sus datos a ning\u00fan tercero, salvo que se informe de ello expresamente.<\/p>\n<p><strong>\u00bfCu\u00e1les son sus derechos cuando nos facilita sus datos?<\/strong><\/p>\n<p>Los derechos de protecci\u00f3n de datos de los que son titulares los interesados son:<\/p>\n<ul>\n<li>Derecho a solicitar el acceso a los datos personales relativos al interesado<\/li>\n<li>Derecho de rectificaci\u00f3n o supresi\u00f3n<\/li>\n<li>Derecho de oposici\u00f3n<\/li>\n<li>Derecho a solicitar la limitaci\u00f3n de su tratamiento<\/li>\n<li>Derecho a la portabilidad de los datos<\/li>\n<\/ul>\n<p>Los titulares de los datos personales obtenidos, podr\u00e1n ejercer sus derechos de protecci\u00f3n de datos personales dirigiendo una comunicaci\u00f3n por escrito al domicilio social de PULSAR PROPERTIES S.A. o al correo electr\u00f3nico habilitado a tal efecto, info@pulsarporperties.es, incluyendo en ambos casos fotocopia de su DNI u otro documento de identificaci\u00f3n equivalente.<\/p>\n<p>Modelos, formularios y m\u00e1s informaci\u00f3n disponible sobre sus derechos en la p\u00e1gina web de la autoridad de control nacional, Agencia Espa\u00f1ola de Protecci\u00f3n de Datos, en adelante, AEPD,<span>\u00a0<\/span><a href=\"http:\/\/www.agpd.es\/\">www.aepd.es<\/a><\/p>\n<p><strong>\u00bfPuedo retirar el consentimiento?<\/strong><\/p>\n<p>Usted tiene la posibilidad y el derecho a retirar el consentimiento para cualquiera finalidad espec\u00edfica otorgada en su momento, sin que ello afecte a la licitud del tratamiento basado en el consentimiento previo a su retirada.<\/p>\n<p>\u00bfD\u00f3nde puedo reclamar en caso de que considere que no se tratan mis datos correctamente?<\/p>\n<p>Si alg\u00fan interesado considera que sus datos no son tratados correctamente por PULSAR PROPERTIES S.A. puede dirigir sus reclamaciones al correo info@pulsarporperties.eso a la autoridad de protecci\u00f3n de datos que corresponda, siendo la AEPD la indicada en el territorio nacional,<span>\u00a0<\/span><a href=\"http:\/\/www.agpd.es\/\">www.aepd.es<\/a><\/p>\n<p><strong>Seguridad y actualizaci\u00f3n de sus datos personales<\/strong><\/p>\n<p>Con el objetivo de salvaguardar la seguridad de sus datos personales, le informamos que PULSAR PROPERTIES S.A. ha adoptado todas las medidas de \u00edndole t\u00e9cnica y organizativa necesarias para garantizar la seguridad de los datos personales suministrados. Todo ello para evitar su alteraci\u00f3n, p\u00e9rdida, y\/o tratamientos o accesos no autorizados, tal como exige la normativa, si bien la seguridad absoluta no existe.<\/p>\n<p>Es importante que, para que podamos mantener sus datos personales actualizados, nos informe siempre que se produzca una modificaci\u00f3n de los mismos.<\/p>\n<p><strong>Confidencialidad<\/strong><\/p>\n<p>PULSAR PROPERTIES S.A. le informa de que sus datos ser\u00e1n tratados con el m\u00e1ximo celo y confidencialidad por todo el personal que intervenga en cualquiera de las fases del tratamiento. No cederemos ni comunicaremos a ning\u00fan tercero sus datos, excepto en los casos legalmente previstos, o salvo que el interesado nos hubiera autorizado expresamente.<\/p>[\/et_pb_text][\/et_pb_column][\/et_pb_row][\/et_pb_section]\n","protected":false},"excerpt":{"rendered":"<p>Pol\u00edtica de privacidadSiguiendo los principios de licitud, lealtad y transparencia, ponemos a su disposici\u00f3n la presente Pol\u00edtica de Privacidad. \u00bfQui\u00e9n es el Responsable del tratamiento de sus datos? PULSAR PROPERTIES S.A.CIF: A83292706DOMICILIO SOCIAL: C\/ ORENSE 25, 3\u00ba C, 28020, MADRIDEmail: info@pulsarpartners.esTel\u00e9fono: 916 684 908 \u00bfCon qu\u00e9 finalidad tratamos sus datos personales? En PULSAR PROPERTIES S.A. [&hellip;]<\/p>\n","protected":false},"author":1,"featured_media":0,"parent":0,"menu_order":0,"comment_status":"closed","ping_status":"closed","template":"","meta":{"_et_pb_use_builder":"on","_et_pb_old_content":"","_et_gb_content_width":"","footnotes":""},"class_list":["post-548","page","type-page","status-publish","hentry"],"yoast_head":"<!-- This site is optimized with the Yoast SEO plugin v27.1.1 - https:\/\/yoast.com\/product\/yoast-seo-wordpress\/ -->\n<title>Pol\u00edtica de Privacidad - Pulsar Properties<\/title>\n<meta name=\"robots\" content=\"noindex, nofollow\" \/>\n<meta property=\"og:locale\" content=\"en_GB\" \/>\n<meta property=\"og:type\" content=\"article\" \/>\n<meta property=\"og:title\" content=\"Pol\u00edtica de Privacidad - Pulsar Properties\" \/>\n<meta property=\"og:description\" content=\"Pol\u00edtica de privacidadSiguiendo los principios de licitud, lealtad y transparencia, ponemos a su disposici\u00f3n la presente Pol\u00edtica de Privacidad. \u00bfQui\u00e9n es el Responsable del tratamiento de sus datos? PULSAR PROPERTIES S.A.CIF: A83292706DOMICILIO SOCIAL: C\/ ORENSE 25, 3\u00ba C, 28020, MADRIDEmail: info@pulsarpartners.esTel\u00e9fono: 916 684 908 \u00bfCon qu\u00e9 finalidad tratamos sus datos personales? En PULSAR PROPERTIES S.A. [&hellip;]\" \/>\n<meta property=\"og:url\" content=\"https:\/\/pulsarproperties.es\/en\/politica-de-privacidad\/\" \/>\n<meta property=\"og:site_name\" content=\"Pulsar Properties\" \/>\n<meta property=\"article:modified_time\" content=\"2023-12-01T16:02:58+00:00\" \/>\n<meta property=\"og:image\" content=\"https:\/\/pulsarproperties.es\/wp-content\/uploads\/pulsar-properties-logo.png\" \/>\n\t<meta property=\"og:image:width\" content=\"425\" \/>\n\t<meta property=\"og:image:height\" content=\"201\" \/>\n\t<meta property=\"og:image:type\" content=\"image\/png\" \/>\n<meta name=\"twitter:card\" content=\"summary_large_image\" \/>\n<meta name=\"twitter:site\" content=\"@pulsarpropertie\" \/>\n<meta name=\"twitter:label1\" content=\"Estimated reading time\" \/>\n\t<meta name=\"twitter:data1\" content=\"3 minutes\" \/>\n<script type=\"application\/ld+json\" class=\"yoast-schema-graph\">{\"@context\":\"https:\/\/schema.org\",\"@graph\":[{\"@type\":\"WebPage\",\"@id\":\"https:\/\/pulsarproperties.es\/politica-de-privacidad\/\",\"url\":\"https:\/\/pulsarproperties.es\/politica-de-privacidad\/\",\"name\":\"Pol\u00edtica de Privacidad - Pulsar Properties\",\"isPartOf\":{\"@id\":\"https:\/\/pulsarproperties.es\/#website\"},\"datePublished\":\"2022-03-16T15:03:55+00:00\",\"dateModified\":\"2023-12-01T16:02:58+00:00\",\"breadcrumb\":{\"@id\":\"https:\/\/pulsarproperties.es\/politica-de-privacidad\/#breadcrumb\"},\"inLanguage\":\"en-GB\",\"potentialAction\":[{\"@type\":\"ReadAction\",\"target\":[\"https:\/\/pulsarproperties.es\/politica-de-privacidad\/\"]}]},{\"@type\":\"BreadcrumbList\",\"@id\":\"https:\/\/pulsarproperties.es\/politica-de-privacidad\/#breadcrumb\",\"itemListElement\":[{\"@type\":\"ListItem\",\"position\":1,\"name\":\"Portada\",\"item\":\"https:\/\/pulsarproperties.es\/\"},{\"@type\":\"ListItem\",\"position\":2,\"name\":\"Pol\u00edtica de Privacidad\"}]},{\"@type\":\"WebSite\",\"@id\":\"https:\/\/pulsarproperties.es\/#website\",\"url\":\"https:\/\/pulsarproperties.es\/\",\"name\":\"Pulsar Properties\",\"description\":\"Expertos en infraestructuras log\u00edsticas\",\"publisher\":{\"@id\":\"https:\/\/pulsarproperties.es\/#organization\"},\"alternateName\":\"Pulsar Properties\",\"potentialAction\":[{\"@type\":\"SearchAction\",\"target\":{\"@type\":\"EntryPoint\",\"urlTemplate\":\"https:\/\/pulsarproperties.es\/?s={search_term_string}\"},\"query-input\":{\"@type\":\"PropertyValueSpecification\",\"valueRequired\":true,\"valueName\":\"search_term_string\"}}],\"inLanguage\":\"en-GB\"},{\"@type\":\"Organization\",\"@id\":\"https:\/\/pulsarproperties.es\/#organization\",\"name\":\"Pulsar Properties\",\"alternateName\":\"Pulsar Properties\",\"url\":\"https:\/\/pulsarproperties.es\/\",\"logo\":{\"@type\":\"ImageObject\",\"inLanguage\":\"en-GB\",\"@id\":\"https:\/\/pulsarproperties.es\/#\/schema\/logo\/image\/\",\"url\":\"https:\/\/pulsarproperties.es\/wp-content\/uploads\/pulsar-properties-logo.png\",\"contentUrl\":\"https:\/\/pulsarproperties.es\/wp-content\/uploads\/pulsar-properties-logo.png\",\"width\":425,\"height\":201,\"caption\":\"Pulsar Properties\"},\"image\":{\"@id\":\"https:\/\/pulsarproperties.es\/#\/schema\/logo\/image\/\"},\"sameAs\":[\"https:\/\/x.com\/pulsarpropertie\",\"https:\/\/www.linkedin.com\/company\/grupo-pulsar?originalSubdomain=es\"]}]}<\/script>\n<!-- \/ Yoast SEO plugin. -->","yoast_head_json":{"title":"Pol\u00edtica de Privacidad - Pulsar Properties","robots":{"index":"noindex","follow":"nofollow"},"og_locale":"en_GB","og_type":"article","og_title":"Pol\u00edtica de Privacidad - Pulsar Properties","og_description":"Pol\u00edtica de privacidadSiguiendo los principios de licitud, lealtad y transparencia, ponemos a su disposici\u00f3n la presente Pol\u00edtica de Privacidad. \u00bfQui\u00e9n es el Responsable del tratamiento de sus datos? PULSAR PROPERTIES S.A.CIF: A83292706DOMICILIO SOCIAL: C\/ ORENSE 25, 3\u00ba C, 28020, MADRIDEmail: info@pulsarpartners.esTel\u00e9fono: 916 684 908 \u00bfCon qu\u00e9 finalidad tratamos sus datos personales? En PULSAR PROPERTIES S.A. [&hellip;]","og_url":"https:\/\/pulsarproperties.es\/en\/politica-de-privacidad\/","og_site_name":"Pulsar Properties","article_modified_time":"2023-12-01T16:02:58+00:00","og_image":[{"width":425,"height":201,"url":"https:\/\/pulsarproperties.es\/wp-content\/uploads\/pulsar-properties-logo.png","type":"image\/png"}],"twitter_card":"summary_large_image","twitter_site":"@pulsarpropertie","twitter_misc":{"Estimated reading time":"3 minutes"},"schema":{"@context":"https:\/\/schema.org","@graph":[{"@type":"WebPage","@id":"https:\/\/pulsarproperties.es\/politica-de-privacidad\/","url":"https:\/\/pulsarproperties.es\/politica-de-privacidad\/","name":"Pol\u00edtica de Privacidad - Pulsar Properties","isPartOf":{"@id":"https:\/\/pulsarproperties.es\/#website"},"datePublished":"2022-03-16T15:03:55+00:00","dateModified":"2023-12-01T16:02:58+00:00","breadcrumb":{"@id":"https:\/\/pulsarproperties.es\/politica-de-privacidad\/#breadcrumb"},"inLanguage":"en-GB","potentialAction":[{"@type":"ReadAction","target":["https:\/\/pulsarproperties.es\/politica-de-privacidad\/"]}]},{"@type":"BreadcrumbList","@id":"https:\/\/pulsarproperties.es\/politica-de-privacidad\/#breadcrumb","itemListElement":[{"@type":"ListItem","position":1,"name":"Portada","item":"https:\/\/pulsarproperties.es\/"},{"@type":"ListItem","position":2,"name":"Pol\u00edtica de Privacidad"}]},{"@type":"WebSite","@id":"https:\/\/pulsarproperties.es\/#website","url":"https:\/\/pulsarproperties.es\/","name":"Pulsar Properties","description":"Expertos en infraestructuras log\u00edsticas","publisher":{"@id":"https:\/\/pulsarproperties.es\/#organization"},"alternateName":"Pulsar Properties","potentialAction":[{"@type":"SearchAction","target":{"@type":"EntryPoint","urlTemplate":"https:\/\/pulsarproperties.es\/?s={search_term_string}"},"query-input":{"@type":"PropertyValueSpecification","valueRequired":true,"valueName":"search_term_string"}}],"inLanguage":"en-GB"},{"@type":"Organization","@id":"https:\/\/pulsarproperties.es\/#organization","name":"Pulsar Properties","alternateName":"Pulsar Properties","url":"https:\/\/pulsarproperties.es\/","logo":{"@type":"ImageObject","inLanguage":"en-GB","@id":"https:\/\/pulsarproperties.es\/#\/schema\/logo\/image\/","url":"https:\/\/pulsarproperties.es\/wp-content\/uploads\/pulsar-properties-logo.png","contentUrl":"https:\/\/pulsarproperties.es\/wp-content\/uploads\/pulsar-properties-logo.png","width":425,"height":201,"caption":"Pulsar Properties"},"image":{"@id":"https:\/\/pulsarproperties.es\/#\/schema\/logo\/image\/"},"sameAs":["https:\/\/x.com\/pulsarpropertie","https:\/\/www.linkedin.com\/company\/grupo-pulsar?originalSubdomain=es"]}]}},"_links":{"self":[{"href":"http:\/\/pulsarproperties.es\/en\/wp-json\/wp\/v2\/pages\/548","targetHints":{"allow":["GET"]}}],"collection":[{"href":"http:\/\/pulsarproperties.es\/en\/wp-json\/wp\/v2\/pages"}],"about":[{"href":"http:\/\/pulsarproperties.es\/en\/wp-json\/wp\/v2\/types\/page"}],"author":[{"embeddable":true,"href":"http:\/\/pulsarproperties.es\/en\/wp-json\/wp\/v2\/users\/1"}],"replies":[{"embeddable":true,"href":"http:\/\/pulsarproperties.es\/en\/wp-json\/wp\/v2\/comments?post=548"}],"version-history":[{"count":0,"href":"http:\/\/pulsarproperties.es\/en\/wp-json\/wp\/v2\/pages\/548\/revisions"}],"wp:attachment":[{"href":"http:\/\/pulsarproperties.es\/en\/wp-json\/wp\/v2\/media?parent=548"}],"curies":[{"name":"wp","href":"https:\/\/api.w.org\/{rel}","templated":true}]}}