{"id":442,"date":"2022-03-15T08:35:02","date_gmt":"2022-03-15T08:35:02","guid":{"rendered":"https:\/\/pulsarproperties.es\/?page_id=442"},"modified":"2024-02-02T11:42:48","modified_gmt":"2024-02-02T10:42:48","slug":"esg-environmental-social-y-governance-pulsar-properties","status":"publish","type":"page","link":"https:\/\/pulsarproperties.es\/en\/esg-environmental-social-y-governance-pulsar-properties\/","title":{"rendered":"ESG"},"content":{"rendered":"\n[et_pb_section fb_built=\u00bb1&#8243; _builder_version=\u00bb4.14.8&#8243; _module_preset=\u00bbdefault\u00bb background_enable_image=\u00bboff\u00bb custom_padding=\u00bb0px|0px|0px|0px|false|false\u00bb global_colors_info=\u00bb{}\u00bb][et_pb_row column_structure=\u00bb1_2,1_2&#8243; _builder_version=\u00bb4.14.8&#8243; _module_preset=\u00bbdefault\u00bb background_enable_image=\u00bboff\u00bb width=\u00bb100%\u00bb max_width=\u00bb100%\u00bb custom_padding=\u00bb0px||0px||false|false\u00bb global_colors_info=\u00bb{}\u00bb][et_pb_column type=\u00bb1_2&#8243; _builder_version=\u00bb4.14.8&#8243; _module_preset=\u00bbdefault\u00bb background_color=\u00bb#f7f7f7&#8243; custom_padding=\u00bb100px|100px|150px|125px|false|false\u00bb global_colors_info=\u00bb{}\u00bb][et_pb_text _builder_version=\u00bb4.14.8&#8243; _module_preset=\u00bbdefault\u00bb text_font=\u00bbTitillium Web|||on|||||\u00bb text_text_color=\u00bb#3c3c3c\u00bb text_font_size=\u00bb70px\u00bb text_line_height=\u00bb70px\u00bb global_colors_info=\u00bb{}\u00bb]<p align=\"JUSTIFY\" style=\"text-align: left;\"><span style=\"color: #008ccd;\">La sostenibilidad es una prioridad para nosotros<\/span>: criterios ambientales, sociales y de buen gobierno.<\/p>[\/et_pb_text][et_pb_text _builder_version=\u00bb4.14.8&#8243; _module_preset=\u00bbdefault\u00bb text_font_size=\u00bb22px\u00bb text_line_height=\u00bb27px\u00bb max_width=\u00bb650px\u00bb custom_margin=\u00bb50px||||false|false\u00bb global_colors_info=\u00bb{}\u00bb]<p align=\"JUSTIFY\" style=\"text-align: left;\">La sostenibilidad se ha convertido en una prioridad para los distintos grupos de inter\u00e9s que conforman el mercado log\u00edstico e industrial: tanto los arrendatarios como los propietarios de las plataformas log\u00edsticas e industriales, cada vez tienen <span style=\"color: #ff9e00;\"><strong>m\u00e1s en cuenta los criterios ambientales, sociales y de gobierno a la hora de realizar sus actividades o inversiones<\/strong><\/span>.<\/p>[\/et_pb_text][\/et_pb_column][et_pb_column type=\u00bb1_2&#8243; _builder_version=\u00bb4.14.8&#8243; _module_preset=\u00bbdefault\u00bb background_image=\u00bbhttps:\/\/pulsarproperties.es\/wp-content\/uploads\/esg-cabecera-pulsar.jpg\u00bb custom_padding=\u00bb450px||450px||false|false\u00bb global_colors_info=\u00bb{}\u00bb][\/et_pb_column][\/et_pb_row][\/et_pb_section][et_pb_section fb_built=\u00bb1&#8243; _builder_version=\u00bb4.14.8&#8243; _module_preset=\u00bbdefault\u00bb custom_padding=\u00bb150px||0px||false|false\u00bb global_colors_info=\u00bb{}\u00bb][et_pb_row column_structure=\u00bb3_5,2_5&#8243; _builder_version=\u00bb4.14.8&#8243; _module_preset=\u00bbdefault\u00bb width=\u00bb100%\u00bb custom_margin=\u00bb||||false|false\u00bb custom_padding=\u00bb100px|0px|100px||false|false\u00bb global_colors_info=\u00bb{}\u00bb][et_pb_column type=\u00bb3_5&#8243; _builder_version=\u00bb4.14.8&#8243; _module_preset=\u00bbdefault\u00bb custom_css_main_element=\u00bbdisplay: inline-block;||vertical-align: middle;||float: none;\u00bb global_colors_info=\u00bb{}\u00bb][et_pb_image src=\u00bbhttps:\/\/pulsarproperties.es\/wp-content\/uploads\/esg-sostenibilidad-pulsar.jpg\u00bb title_text=\u00bbesg-sostenibilidad-pulsar\u00bb align=\u00bbcenter\u00bb force_fullwidth=\u00bbon\u00bb _builder_version=\u00bb4.14.8&#8243; _module_preset=\u00bbdefault\u00bb box_shadow_style=\u00bbpreset2&#8243; box_shadow_horizontal=\u00bb25px\u00bb box_shadow_vertical=\u00bb25px\u00bb box_shadow_blur=\u00bb50px\u00bb global_colors_info=\u00bb{}\u00bb][\/et_pb_image][\/et_pb_column][et_pb_column type=\u00bb2_5&#8243; _builder_version=\u00bb4.14.8&#8243; _module_preset=\u00bbdefault\u00bb custom_padding=\u00bb0px|0px||100px|false|false\u00bb custom_css_main_element=\u00bbdisplay: inline-block;||vertical-align: middle;||float: none;\u00bb global_colors_info=\u00bb{}\u00bb][et_pb_text _builder_version=\u00bb4.14.8&#8243; _module_preset=\u00bbdefault\u00bb text_font=\u00bb||||||||\u00bb text_font_size=\u00bb20px\u00bb text_line_height=\u00bb25px\u00bb global_colors_info=\u00bb{}\u00bb]<p align=\"JUSTIFY\" style=\"text-align: left;\"><strong><span style=\"color: #008ccd;\">MEJORA CONTINUA CON CRITERIOS DE SOSTENIBILIDAD<\/span><\/strong><\/p>\n<p align=\"JUSTIFY\" style=\"text-align: left;\">Desde Pulsar Properties y sus participadas, <strong>estamos trabajando en la mejora continua de nuestros productos<\/strong>, para poder ofrecer tanto a los inversores, como a los clientes, un espacio en el que se tienda reducir las emisiones de carbono, se aprovechen de la mejor manera posible los recursos naturales de la zona y se mejora la calidad de vida de los trabajadores.<\/p>\n<p align=\"JUSTIFY\" style=\"text-align: left;\"><strong>Todas las plataformas est\u00e1n certificadas con el sello LEED<\/strong>.<\/p>[\/et_pb_text][\/et_pb_column][\/et_pb_row][et_pb_row _builder_version=\u00bb4.14.8&#8243; _module_preset=\u00bbdefault\u00bb width=\u00bb100%\u00bb custom_padding=\u00bb0px||0px||false|false\u00bb global_colors_info=\u00bb{}\u00bb][et_pb_column type=\u00bb4_4&#8243; _builder_version=\u00bb4.14.8&#8243; _module_preset=\u00bbdefault\u00bb background_enable_color=\u00bboff\u00bb custom_padding=\u00bb||||false|false\u00bb global_colors_info=\u00bb{}\u00bb][et_pb_text _builder_version=\u00bb4.14.8&#8243; _module_preset=\u00bbdefault\u00bb text_font=\u00bbTitillium Web|||on|||||\u00bb text_text_color=\u00bb#008ccd\u00bb text_font_size=\u00bb70px\u00bb text_line_height=\u00bb75px\u00bb background_color=\u00bb#f7f7f7&#8243; width=\u00bb65%\u00bb module_alignment=\u00bbright\u00bb custom_padding=\u00bb125px|150px|125px|200px|false|false\u00bb global_colors_info=\u00bb{}\u00bb]<p>PULSAR PROPERTIES TRABAJA, DESDE SUS INICIOS, EN LA CREACI\u00d3N DE INFRAESTRUCTURAS QUE FAVOREZCAN EL CRECIMIENTO ECON\u00d3MICO Y EL EMPLEO<\/p>[\/et_pb_text][\/et_pb_column][\/et_pb_row][et_pb_row column_structure=\u00bb2_5,3_5&#8243; _builder_version=\u00bb4.14.8&#8243; _module_preset=\u00bbdefault\u00bb width=\u00bb100%\u00bb custom_margin=\u00bb||||false|false\u00bb custom_padding=\u00bb100px|0px|100px||false|false\u00bb global_colors_info=\u00bb{}\u00bb][et_pb_column type=\u00bb2_5&#8243; _builder_version=\u00bb4.14.8&#8243; _module_preset=\u00bbdefault\u00bb custom_padding=\u00bb0px|100px||0px|false|false\u00bb custom_css_main_element=\u00bbdisplay: inline-block;||vertical-align: middle;||float: none;\u00bb global_colors_info=\u00bb{}\u00bb][et_pb_text _builder_version=\u00bb4.14.8&#8243; _module_preset=\u00bbdefault\u00bb text_font=\u00bb||||||||\u00bb text_font_size=\u00bb20px\u00bb text_line_height=\u00bb25px\u00bb global_colors_info=\u00bb{}\u00bb]<p align=\"JUSTIFY\" style=\"text-align: left;\"><span style=\"color: #008ccd;\"><strong>REHABILITACI\u00d3N DE ACTIVOS<\/strong><\/span><\/p>\n<p align=\"JUSTIFY\" style=\"text-align: left;\">Adem\u00e1s, estudiamos siempre la opci\u00f3n de la rehabilitaci\u00f3n de los activos. A la vista est\u00e1 que, a lo largo de los a\u00f1os, muchos espacios log\u00edsticos e industriales se han quedado obsoletos por el paso del tiempo o vac\u00edos por la crisis. Algunos de ellos, son claramente aprovechables, y s\u00f3lo necesitan una actualizaci\u00f3n para volver a formar parte de la cadena de suministro y recuperar la generaci\u00f3n de riqueza que hab\u00eda en la zona. Darle una segunda vida a recursos ya utilizados, es una de las claves de ser sostenible.<\/p>[\/et_pb_text][\/et_pb_column][et_pb_column type=\u00bb3_5&#8243; _builder_version=\u00bb4.14.8&#8243; _module_preset=\u00bbdefault\u00bb custom_css_main_element=\u00bbdisplay: inline-block;||vertical-align: middle;||float: none;\u00bb global_colors_info=\u00bb{}\u00bb][et_pb_image src=\u00bbhttps:\/\/pulsarproperties.es\/wp-content\/uploads\/ESG-Rehabilitacion_WEB.jpg\u00bb alt=\u00bbescuela f\u00fatbol Carabanchel fundaci\u00f3n Pulsar\u00bb title_text=\u00bbESG-Rehabilitacion_WEB\u00bb align=\u00bbcenter\u00bb force_fullwidth=\u00bbon\u00bb _builder_version=\u00bb4.14.8&#8243; _module_preset=\u00bbdefault\u00bb box_shadow_style=\u00bbpreset2&#8243; box_shadow_horizontal=\u00bb25px\u00bb box_shadow_vertical=\u00bb25px\u00bb box_shadow_blur=\u00bb50px\u00bb global_colors_info=\u00bb{}\u00bb][\/et_pb_image][\/et_pb_column][\/et_pb_row][\/et_pb_section][et_pb_section fb_built=\u00bb1&#8243; _builder_version=\u00bb4.14.8&#8243; _module_preset=\u00bbdefault\u00bb global_colors_info=\u00bb{}\u00bb][et_pb_row column_structure=\u00bb1_5,1_5,1_5,1_5,1_5&#8243; _builder_version=\u00bb4.14.8&#8243; _module_preset=\u00bbdefault\u00bb width=\u00bb100%\u00bb custom_padding=\u00bb0px||0px||false|false\u00bb locked=\u00bboff\u00bb global_colors_info=\u00bb{}\u00bb][et_pb_column type=\u00bb1_5&#8243; _builder_version=\u00bb4.14.8&#8243; _module_preset=\u00bbdefault\u00bb global_colors_info=\u00bb{}\u00bb][\/et_pb_column][et_pb_column type=\u00bb1_5&#8243; _builder_version=\u00bb4.14.8&#8243; _module_preset=\u00bbdefault\u00bb global_colors_info=\u00bb{}\u00bb][et_pb_blurb title=\u00bb290 KW de energ\u00eda solar instalada, suficientes para abastecer 133 hogares de media\u00bb image=\u00bbhttps:\/\/pulsarproperties.es\/wp-content\/uploads\/esg-icono-solar.png\u00bb _builder_version=\u00bb4.14.8&#8243; _module_preset=\u00bbdefault\u00bb header_text_color=\u00bb#000000&#8243; header_font_size=\u00bb20px\u00bb header_line_height=\u00bb25px\u00bb text_orientation=\u00bbcenter\u00bb custom_padding=\u00bb|20px||20px|false|false\u00bb animation=\u00bboff\u00bb global_colors_info=\u00bb{}\u00bb][\/et_pb_blurb][\/et_pb_column][et_pb_column type=\u00bb1_5&#8243; _builder_version=\u00bb4.14.8&#8243; _module_preset=\u00bbdefault\u00bb global_colors_info=\u00bb{}\u00bb][et_pb_blurb title=\u00bb113.000 m2 iluminados con sistema LED, equivalente a 16 campos de f\u00fatbol\u00bb image=\u00bbhttps:\/\/pulsarproperties.es\/wp-content\/uploads\/esg-icono-led.png\u00bb _builder_version=\u00bb4.14.8&#8243; _module_preset=\u00bbdefault\u00bb header_text_color=\u00bb#000000&#8243; header_font_size=\u00bb20px\u00bb header_line_height=\u00bb25px\u00bb text_orientation=\u00bbcenter\u00bb custom_padding=\u00bb|20px||20px|false|false\u00bb animation=\u00bboff\u00bb global_colors_info=\u00bb{}\u00bb][\/et_pb_blurb][\/et_pb_column][et_pb_column type=\u00bb1_5&#8243; _builder_version=\u00bb4.14.8&#8243; _module_preset=\u00bbdefault\u00bb global_colors_info=\u00bb{}\u00bb][et_pb_blurb title=\u00bb112.000 m2 de espacio sostenible certificado, equivalente a 16 campos de f\u00fatbol\u00bb image=\u00bbhttps:\/\/pulsarproperties.es\/wp-content\/uploads\/esg-icono-sostenible.png\u00bb _builder_version=\u00bb4.14.8&#8243; _module_preset=\u00bbdefault\u00bb header_text_color=\u00bb#000000&#8243; header_font_size=\u00bb20px\u00bb header_line_height=\u00bb25px\u00bb text_orientation=\u00bbcenter\u00bb custom_padding=\u00bb|20px||20px|false|false\u00bb animation=\u00bboff\u00bb global_colors_info=\u00bb{}\u00bb][\/et_pb_blurb][\/et_pb_column][et_pb_column type=\u00bb1_5&#8243; _builder_version=\u00bb4.14.8&#8243; _module_preset=\u00bbdefault\u00bb global_colors_info=\u00bb{}\u00bb][\/et_pb_column][\/et_pb_row][\/et_pb_section][et_pb_section fb_built=\u00bb1&#8243; _builder_version=\u00bb4.14.8&#8243; _module_preset=\u00bbdefault\u00bb background_image=\u00bbhttp:\/\/pulsarproperties.es\/wp-content\/uploads\/punto.png\u00bb background_size=\u00bbinitial\u00bb background_position=\u00bbtop_center\u00bb background_repeat=\u00bbrepeat\u00bb custom_margin=\u00bb||||false|false\u00bb custom_padding=\u00bb125px||125px||false|false\u00bb custom_css_before=\u00bbcontent: \u00bb;||position: absolute;||top: 125px;||bottom: 125px;||left: 0;||right: 0;||max-width: 1650px;||margin: 0 auto;||background: red;||box-shadow: 0 50px 100px rgba(0, 0, 0, .25);\u00bb global_colors_info=\u00bb{}\u00bb][et_pb_row _builder_version=\u00bb4.14.8&#8243; _module_preset=\u00bbdefault\u00bb background_color=\u00bb#00314d\u00bb width=\u00bb100%\u00bb custom_margin=\u00bb||||false|false\u00bb custom_padding=\u00bb100px||75px||false|false\u00bb global_colors_info=\u00bb{}\u00bb][et_pb_column type=\u00bb4_4&#8243; _builder_version=\u00bb4.14.8&#8243; _module_preset=\u00bbdefault\u00bb global_colors_info=\u00bb{}\u00bb][et_pb_text _builder_version=\u00bb4.14.8&#8243; _module_preset=\u00bbdefault\u00bb text_font=\u00bbTitillium Web|||on|||||\u00bb text_text_color=\u00bb#008ccd\u00bb text_font_size=\u00bb70px\u00bb text_line_height=\u00bb75px\u00bb text_orientation=\u00bbcenter\u00bb global_colors_info=\u00bb{}\u00bb]<p>Contacta con nosotros<\/p>[\/et_pb_text][et_pb_text module_class=\u00bbcontacto\u00bb _builder_version=\u00bb4.14.8&#8243; _module_preset=\u00bbdefault\u00bb max_width=\u00bb800px\u00bb module_alignment=\u00bbcenter\u00bb custom_margin=\u00bb50px||||false|false\u00bb global_colors_info=\u00bb{}\u00bb]\n<div class=\"wpcf7 no-js\" id=\"wpcf7-f208-o1\" lang=\"es-ES\" dir=\"ltr\" data-wpcf7-id=\"208\">\n<div class=\"screen-reader-response\"><p role=\"status\" aria-live=\"polite\" aria-atomic=\"true\"><\/p> <ul><\/ul><\/div>\n<form action=\"\/en\/wp-json\/wp\/v2\/pages\/442#wpcf7-f208-o1\" method=\"post\" class=\"wpcf7-form init\" aria-label=\"Formulario de contacto\" novalidate=\"novalidate\" data-status=\"init\">\n<fieldset class=\"hidden-fields-container\"><input type=\"hidden\" name=\"_wpcf7\" value=\"208\" \/><input type=\"hidden\" name=\"_wpcf7_version\" value=\"6.1.5\" \/><input type=\"hidden\" name=\"_wpcf7_locale\" value=\"es_ES\" \/><input type=\"hidden\" name=\"_wpcf7_unit_tag\" value=\"wpcf7-f208-o1\" \/><input type=\"hidden\" name=\"_wpcf7_container_post\" value=\"0\" \/><input type=\"hidden\" name=\"_wpcf7_posted_data_hash\" value=\"\" \/>\n<\/fieldset>\n<p><span class=\"wpcf7-form-control-wrap\" data-name=\"nombre\"><input size=\"40\" maxlength=\"400\" class=\"wpcf7-form-control wpcf7-text wpcf7-validates-as-required\" aria-required=\"true\" aria-invalid=\"false\" placeholder=\"Nombre*\" value=\"\" type=\"text\" name=\"nombre\" \/><\/span><span class=\"wpcf7-form-control-wrap\" data-name=\"apellidos\"><input size=\"40\" maxlength=\"400\" class=\"wpcf7-form-control wpcf7-text\" aria-invalid=\"false\" placeholder=\"Apellidos\" value=\"\" type=\"text\" name=\"apellidos\" \/><\/span><span class=\"wpcf7-form-control-wrap\" data-name=\"email\"><input size=\"40\" maxlength=\"400\" class=\"wpcf7-form-control wpcf7-email wpcf7-validates-as-required wpcf7-text wpcf7-validates-as-email\" aria-required=\"true\" aria-invalid=\"false\" placeholder=\"Email*\" value=\"\" type=\"email\" name=\"email\" \/><\/span><span class=\"wpcf7-form-control-wrap\" data-name=\"telefono\"><input size=\"40\" maxlength=\"400\" class=\"wpcf7-form-control wpcf7-tel wpcf7-text wpcf7-validates-as-tel\" aria-invalid=\"false\" placeholder=\"Tel\u00e9fono\" value=\"\" type=\"tel\" name=\"telefono\" \/><\/span><span class=\"wpcf7-form-control-wrap\" data-name=\"empresa\"><input size=\"40\" maxlength=\"400\" class=\"wpcf7-form-control wpcf7-text\" aria-invalid=\"false\" placeholder=\"Empresa\" value=\"\" type=\"text\" name=\"empresa\" \/><\/span><span class=\"wpcf7-form-control-wrap\" data-name=\"asunto\"><input size=\"40\" maxlength=\"400\" class=\"wpcf7-form-control wpcf7-text wpcf7-validates-as-required\" aria-required=\"true\" aria-invalid=\"false\" placeholder=\"Asunto*\" value=\"\" type=\"text\" name=\"asunto\" \/><\/span><span class=\"wpcf7-form-control-wrap\" data-name=\"mensaje\"><textarea cols=\"40\" rows=\"10\" maxlength=\"2000\" class=\"wpcf7-form-control wpcf7-textarea wpcf7-validates-as-required\" aria-required=\"true\" aria-invalid=\"false\" placeholder=\"Mensaje*\" name=\"mensaje\"><\/textarea><\/span>\n<\/p>\n<p><span class=\"wpcf7-form-control-wrap\" data-name=\"privacidad\"><span class=\"wpcf7-form-control wpcf7-acceptance\"><span class=\"wpcf7-list-item\"><label><input type=\"checkbox\" name=\"privacidad\" value=\"1\" aria-invalid=\"false\" \/><span class=\"wpcf7-list-item-label\">He le\u00eddo y acepto la <a href=\"https:\/\/pulsarproperties.es\/politica-de-privacidad\/\" style=\"text-decoration: underline; color: #fff;\" target=\"_blank\">pol\u00edtica de privacidad<\/a>.<\/span><\/label><\/span><\/span><\/span>\n<\/p>\n<div style=\"clear: both;\">\n<\/div>\n<div class=\"botones\">\n\t<p><input class=\"wpcf7-form-control wpcf7-submit has-spinner\" type=\"submit\" value=\"Enviar\" \/>\n\t<\/p>\n<\/div><div class=\"wpcf7-response-output\" aria-hidden=\"true\"><\/div>\n<\/form>\n<\/div>\n[\/et_pb_text][\/et_pb_column][\/et_pb_row][\/et_pb_section]\n","protected":false},"excerpt":{"rendered":"<p>La sostenibilidad es una prioridad para nosotros: criterios ambientales, sociales y de buen gobierno.La sostenibilidad se ha convertido en una prioridad para los distintos grupos de inter\u00e9s que conforman el mercado log\u00edstico e industrial: tanto los arrendatarios como los propietarios de las plataformas log\u00edsticas e industriales, cada vez tienen m\u00e1s en cuenta los criterios ambientales, [&hellip;]<\/p>\n","protected":false},"author":1,"featured_media":0,"parent":0,"menu_order":0,"comment_status":"closed","ping_status":"closed","template":"","meta":{"_et_pb_use_builder":"on","_et_pb_old_content":"","_et_gb_content_width":"","footnotes":""},"class_list":["post-442","page","type-page","status-publish","hentry"],"yoast_head":"<!-- This site is optimized with the Yoast SEO plugin v27.1.1 - https:\/\/yoast.com\/product\/yoast-seo-wordpress\/ -->\n<title>ESG Environmental Social y Governance Pulsar Properties<\/title>\n<meta name=\"description\" content=\"La sostenibilidad es una prioridad para Pulsar Properties: criterios ambientales, sociales y de buen gobierno marcan nuestras actuaciones.\" \/>\n<meta name=\"robots\" content=\"index, follow, max-snippet:-1, max-image-preview:large, max-video-preview:-1\" \/>\n<link rel=\"canonical\" href=\"https:\/\/pulsarproperties.es\/en\/esg-environmental-social-y-governance-pulsar-properties\/\" \/>\n<meta property=\"og:locale\" content=\"en_GB\" \/>\n<meta property=\"og:type\" content=\"article\" \/>\n<meta property=\"og:title\" content=\"ESG Environmental Social y Governance Pulsar Properties\" \/>\n<meta property=\"og:description\" content=\"La sostenibilidad es una prioridad para Pulsar Properties: criterios ambientales, sociales y de buen gobierno marcan nuestras actuaciones.\" \/>\n<meta property=\"og:url\" content=\"https:\/\/pulsarproperties.es\/en\/esg-environmental-social-y-governance-pulsar-properties\/\" \/>\n<meta property=\"og:site_name\" content=\"Pulsar Properties\" \/>\n<meta property=\"article:modified_time\" content=\"2024-02-02T10:42:48+00:00\" \/>\n<meta property=\"og:image\" content=\"https:\/\/pulsarproperties.es\/wp-content\/uploads\/pulsar-properties-logo.png\" \/>\n\t<meta property=\"og:image:width\" content=\"425\" \/>\n\t<meta property=\"og:image:height\" content=\"201\" \/>\n\t<meta property=\"og:image:type\" content=\"image\/png\" \/>\n<meta name=\"twitter:card\" content=\"summary_large_image\" \/>\n<meta name=\"twitter:site\" content=\"@pulsarpropertie\" \/>\n<meta name=\"twitter:label1\" content=\"Estimated reading time\" \/>\n\t<meta name=\"twitter:data1\" content=\"3 minutes\" \/>\n<script type=\"application\/ld+json\" class=\"yoast-schema-graph\">{\"@context\":\"https:\/\/schema.org\",\"@graph\":[{\"@type\":\"WebPage\",\"@id\":\"https:\/\/pulsarproperties.es\/esg-environmental-social-y-governance-pulsar-properties\/\",\"url\":\"https:\/\/pulsarproperties.es\/esg-environmental-social-y-governance-pulsar-properties\/\",\"name\":\"ESG Environmental Social y Governance Pulsar Properties\",\"isPartOf\":{\"@id\":\"https:\/\/pulsarproperties.es\/#website\"},\"datePublished\":\"2022-03-15T08:35:02+00:00\",\"dateModified\":\"2024-02-02T10:42:48+00:00\",\"description\":\"La sostenibilidad es una prioridad para Pulsar Properties: criterios ambientales, sociales y de buen gobierno marcan nuestras actuaciones.\",\"breadcrumb\":{\"@id\":\"https:\/\/pulsarproperties.es\/esg-environmental-social-y-governance-pulsar-properties\/#breadcrumb\"},\"inLanguage\":\"en-GB\",\"potentialAction\":[{\"@type\":\"ReadAction\",\"target\":[\"https:\/\/pulsarproperties.es\/esg-environmental-social-y-governance-pulsar-properties\/\"]}]},{\"@type\":\"BreadcrumbList\",\"@id\":\"https:\/\/pulsarproperties.es\/esg-environmental-social-y-governance-pulsar-properties\/#breadcrumb\",\"itemListElement\":[{\"@type\":\"ListItem\",\"position\":1,\"name\":\"Portada\",\"item\":\"https:\/\/pulsarproperties.es\/\"},{\"@type\":\"ListItem\",\"position\":2,\"name\":\"ESG\"}]},{\"@type\":\"WebSite\",\"@id\":\"https:\/\/pulsarproperties.es\/#website\",\"url\":\"https:\/\/pulsarproperties.es\/\",\"name\":\"Pulsar Properties\",\"description\":\"Expertos en infraestructuras log\u00edsticas\",\"publisher\":{\"@id\":\"https:\/\/pulsarproperties.es\/#organization\"},\"alternateName\":\"Pulsar Properties\",\"potentialAction\":[{\"@type\":\"SearchAction\",\"target\":{\"@type\":\"EntryPoint\",\"urlTemplate\":\"https:\/\/pulsarproperties.es\/?s={search_term_string}\"},\"query-input\":{\"@type\":\"PropertyValueSpecification\",\"valueRequired\":true,\"valueName\":\"search_term_string\"}}],\"inLanguage\":\"en-GB\"},{\"@type\":\"Organization\",\"@id\":\"https:\/\/pulsarproperties.es\/#organization\",\"name\":\"Pulsar Properties\",\"alternateName\":\"Pulsar Properties\",\"url\":\"https:\/\/pulsarproperties.es\/\",\"logo\":{\"@type\":\"ImageObject\",\"inLanguage\":\"en-GB\",\"@id\":\"https:\/\/pulsarproperties.es\/#\/schema\/logo\/image\/\",\"url\":\"https:\/\/pulsarproperties.es\/wp-content\/uploads\/pulsar-properties-logo.png\",\"contentUrl\":\"https:\/\/pulsarproperties.es\/wp-content\/uploads\/pulsar-properties-logo.png\",\"width\":425,\"height\":201,\"caption\":\"Pulsar Properties\"},\"image\":{\"@id\":\"https:\/\/pulsarproperties.es\/#\/schema\/logo\/image\/\"},\"sameAs\":[\"https:\/\/x.com\/pulsarpropertie\",\"https:\/\/www.linkedin.com\/company\/grupo-pulsar?originalSubdomain=es\"]}]}<\/script>\n<!-- \/ Yoast SEO plugin. -->","yoast_head_json":{"title":"ESG Environmental Social y Governance Pulsar Properties","description":"La sostenibilidad es una prioridad para Pulsar Properties: criterios ambientales, sociales y de buen gobierno marcan nuestras actuaciones.","robots":{"index":"index","follow":"follow","max-snippet":"max-snippet:-1","max-image-preview":"max-image-preview:large","max-video-preview":"max-video-preview:-1"},"canonical":"https:\/\/pulsarproperties.es\/en\/esg-environmental-social-y-governance-pulsar-properties\/","og_locale":"en_GB","og_type":"article","og_title":"ESG Environmental Social y Governance Pulsar Properties","og_description":"La sostenibilidad es una prioridad para Pulsar Properties: criterios ambientales, sociales y de buen gobierno marcan nuestras actuaciones.","og_url":"https:\/\/pulsarproperties.es\/en\/esg-environmental-social-y-governance-pulsar-properties\/","og_site_name":"Pulsar Properties","article_modified_time":"2024-02-02T10:42:48+00:00","og_image":[{"width":425,"height":201,"url":"https:\/\/pulsarproperties.es\/wp-content\/uploads\/pulsar-properties-logo.png","type":"image\/png"}],"twitter_card":"summary_large_image","twitter_site":"@pulsarpropertie","twitter_misc":{"Estimated reading time":"3 minutes"},"schema":{"@context":"https:\/\/schema.org","@graph":[{"@type":"WebPage","@id":"https:\/\/pulsarproperties.es\/esg-environmental-social-y-governance-pulsar-properties\/","url":"https:\/\/pulsarproperties.es\/esg-environmental-social-y-governance-pulsar-properties\/","name":"ESG Environmental Social y Governance Pulsar Properties","isPartOf":{"@id":"https:\/\/pulsarproperties.es\/#website"},"datePublished":"2022-03-15T08:35:02+00:00","dateModified":"2024-02-02T10:42:48+00:00","description":"La sostenibilidad es una prioridad para Pulsar Properties: criterios ambientales, sociales y de buen gobierno marcan nuestras actuaciones.","breadcrumb":{"@id":"https:\/\/pulsarproperties.es\/esg-environmental-social-y-governance-pulsar-properties\/#breadcrumb"},"inLanguage":"en-GB","potentialAction":[{"@type":"ReadAction","target":["https:\/\/pulsarproperties.es\/esg-environmental-social-y-governance-pulsar-properties\/"]}]},{"@type":"BreadcrumbList","@id":"https:\/\/pulsarproperties.es\/esg-environmental-social-y-governance-pulsar-properties\/#breadcrumb","itemListElement":[{"@type":"ListItem","position":1,"name":"Portada","item":"https:\/\/pulsarproperties.es\/"},{"@type":"ListItem","position":2,"name":"ESG"}]},{"@type":"WebSite","@id":"https:\/\/pulsarproperties.es\/#website","url":"https:\/\/pulsarproperties.es\/","name":"Pulsar Properties","description":"Expertos en infraestructuras log\u00edsticas","publisher":{"@id":"https:\/\/pulsarproperties.es\/#organization"},"alternateName":"Pulsar Properties","potentialAction":[{"@type":"SearchAction","target":{"@type":"EntryPoint","urlTemplate":"https:\/\/pulsarproperties.es\/?s={search_term_string}"},"query-input":{"@type":"PropertyValueSpecification","valueRequired":true,"valueName":"search_term_string"}}],"inLanguage":"en-GB"},{"@type":"Organization","@id":"https:\/\/pulsarproperties.es\/#organization","name":"Pulsar Properties","alternateName":"Pulsar Properties","url":"https:\/\/pulsarproperties.es\/","logo":{"@type":"ImageObject","inLanguage":"en-GB","@id":"https:\/\/pulsarproperties.es\/#\/schema\/logo\/image\/","url":"https:\/\/pulsarproperties.es\/wp-content\/uploads\/pulsar-properties-logo.png","contentUrl":"https:\/\/pulsarproperties.es\/wp-content\/uploads\/pulsar-properties-logo.png","width":425,"height":201,"caption":"Pulsar Properties"},"image":{"@id":"https:\/\/pulsarproperties.es\/#\/schema\/logo\/image\/"},"sameAs":["https:\/\/x.com\/pulsarpropertie","https:\/\/www.linkedin.com\/company\/grupo-pulsar?originalSubdomain=es"]}]}},"_links":{"self":[{"href":"https:\/\/pulsarproperties.es\/en\/wp-json\/wp\/v2\/pages\/442","targetHints":{"allow":["GET"]}}],"collection":[{"href":"https:\/\/pulsarproperties.es\/en\/wp-json\/wp\/v2\/pages"}],"about":[{"href":"https:\/\/pulsarproperties.es\/en\/wp-json\/wp\/v2\/types\/page"}],"author":[{"embeddable":true,"href":"https:\/\/pulsarproperties.es\/en\/wp-json\/wp\/v2\/users\/1"}],"replies":[{"embeddable":true,"href":"https:\/\/pulsarproperties.es\/en\/wp-json\/wp\/v2\/comments?post=442"}],"version-history":[{"count":1,"href":"https:\/\/pulsarproperties.es\/en\/wp-json\/wp\/v2\/pages\/442\/revisions"}],"predecessor-version":[{"id":1894,"href":"https:\/\/pulsarproperties.es\/en\/wp-json\/wp\/v2\/pages\/442\/revisions\/1894"}],"wp:attachment":[{"href":"https:\/\/pulsarproperties.es\/en\/wp-json\/wp\/v2\/media?parent=442"}],"curies":[{"name":"wp","href":"https:\/\/api.w.org\/{rel}","templated":true}]}}