{"id":5,"date":"2022-03-07T15:03:33","date_gmt":"2022-03-07T15:03:33","guid":{"rendered":"https:\/\/pulsarproperties.es\/?page_id=5"},"modified":"2024-01-16T09:16:24","modified_gmt":"2024-01-16T08:16:24","slug":"inicio","status":"publish","type":"page","link":"https:\/\/pulsarproperties.es\/en\/","title":{"rendered":"Inicio"},"content":{"rendered":"<p>[et_pb_section fb_built=\u00bb1&#8243; _builder_version=\u00bb4.14.8&#8243; _module_preset=\u00bbdefault\u00bb background_enable_image=\u00bboff\u00bb custom_padding=\u00bb0px|0px|0px|0px|false|false\u00bb global_colors_info=\u00bb{}\u00bb][et_pb_row column_structure=\u00bb1_2,1_2&#8243; admin_label=\u00bbFila\u00bb _builder_version=\u00bb4.14.8&#8243; _module_preset=\u00bbdefault\u00bb background_enable_image=\u00bboff\u00bb width=\u00bb100%\u00bb max_width=\u00bb100%\u00bb min_height=\u00bb614px\u00bb custom_padding=\u00bb0px||0px||false|false\u00bb global_colors_info=\u00bb{}\u00bb][et_pb_column type=\u00bb1_2&#8243; _builder_version=\u00bb4.14.8&#8243; _module_preset=\u00bbdefault\u00bb background_color=\u00bb#f7f7f7&#8243; custom_padding=\u00bb100px|100px|100px|125px|false|false\u00bb global_colors_info=\u00bb{}\u00bb][et_pb_text _builder_version=\u00bb4.14.8&#8243; _module_preset=\u00bbdefault\u00bb text_font=\u00bbTitillium Web|||on|||||\u00bb text_text_color=\u00bb#3c3c3c\u00bb text_font_size=\u00bb75px\u00bb text_line_height=\u00bb75px\u00bb global_colors_info=\u00bb{}\u00bb]<\/p>\n<p><span style=\"color: #008ccd;\">Expertos en<\/span> infraestructuras log\u00edsticas<\/p>\n<p>[\/et_pb_text][et_pb_text _builder_version=\u00bb4.14.8&#8243; _module_preset=\u00bbdefault\u00bb text_font_size=\u00bb22px\u00bb text_line_height=\u00bb27px\u00bb max_width=\u00bb500px\u00bb custom_margin=\u00bb50px||||false|false\u00bb global_colors_info=\u00bb{}\u00bb]<\/p>\n<p>Llevamos 20 a\u00f1os haciendo realidad proyectos industriales, log\u00edsticos e intermodales.<\/p>\n<p>[\/et_pb_text][et_pb_button button_url=\u00bbhttps:\/\/pulsarproperties.es\/nosotros\/\u00bb button_text=\u00bbSaber m\u00e1s\u00bb _builder_version=\u00bb4.14.8&#8243; _module_preset=\u00bbdefault\u00bb custom_button=\u00bbon\u00bb button_text_color=\u00bb#ffffff\u00bb button_bg_color=\u00bb#ff9d19&#8243; button_border_width=\u00bb0px\u00bb button_border_radius=\u00bb80px\u00bb button_letter_spacing=\u00bb0.15em\u00bb button_font=\u00bb|600||on|||||\u00bb button_use_icon=\u00bboff\u00bb custom_margin=\u00bb70px||||false|false\u00bb custom_padding=\u00bb23px|60px|23px|60px|false|false\u00bb global_colors_info=\u00bb{}\u00bb button_bg_color__hover_enabled=\u00bbon|hover\u00bb button_bg_color__hover=\u00bb#008ccd\u00bb button_bg_enable_color__hover=\u00bbon\u00bb][\/et_pb_button][\/et_pb_column][et_pb_column type=\u00bb1_2&#8243; _builder_version=\u00bb4.14.8&#8243; _module_preset=\u00bbdefault\u00bb background_image=\u00bbhttps:\/\/pulsarproperties.es\/wp-content\/uploads\/DJI_0031_Ontigola-WEB.jpg\u00bb background_enable_video_mp4=\u00bboff\u00bb background_video_width=\u00bb1250&#8243; background_video_height=\u00bb800&#8243; vertical_offset=\u00bb-220px\u00bb horizontal_offset=\u00bb0px\u00bb custom_padding=\u00bb450px||450px||false|false\u00bb global_colors_info=\u00bb{}\u00bb][\/et_pb_column][\/et_pb_row][\/et_pb_section][et_pb_section fb_built=\u00bb1&#8243; _builder_version=\u00bb4.14.8&#8243; _module_preset=\u00bbdefault\u00bb custom_padding=\u00bb150px||0px||false|false\u00bb global_colors_info=\u00bb{}\u00bb][et_pb_row column_structure=\u00bb2_5,3_5&#8243; _builder_version=\u00bb4.14.8&#8243; _module_preset=\u00bbdefault\u00bb width=\u00bb100%\u00bb min_height=\u00bb629.1px\u00bb custom_margin=\u00bb||||false|false\u00bb custom_padding=\u00bb0px|150px|0px||false|false\u00bb global_colors_info=\u00bb{}\u00bb][et_pb_column type=\u00bb2_5&#8243; _builder_version=\u00bb4.14.8&#8243; _module_preset=\u00bbdefault\u00bb custom_padding=\u00bb50px|75px|||false|false\u00bb global_colors_info=\u00bb{}\u00bb][et_pb_text _builder_version=\u00bb4.14.8&#8243; _module_preset=\u00bbdefault\u00bb text_font=\u00bb||||||||\u00bb text_font_size=\u00bb18px\u00bb text_line_height=\u00bb25px\u00bb global_colors_info=\u00bb{}\u00bb]<\/p>\n<p><strong>Pulsar Properties<\/strong> es pionera en el dise\u00f1o y desarrollo de plataformas industriales, log\u00edsticas e intermodales, siempre en buenas ubicaciones.<\/p>\n<p>A lo largo de los m\u00e1s de 20 a\u00f1os de experiencia en el sector, se ha ido adaptando a las necesidades de sus clientes y a las diferentes tipolog\u00edas de productos a almacenar, a medida que la tecnolog\u00eda y los nuevos h\u00e1bitos de comercio entraban a formar parte de esta nueva era.<\/p>\n<p>[\/et_pb_text][et_pb_button button_url=\u00bbhttps:\/\/pulsarproperties.es\/portfolio\/\u00bb button_text=\u00bbPortfolio\u00bb _builder_version=\u00bb4.14.8&#8243; _module_preset=\u00bbdefault\u00bb custom_button=\u00bbon\u00bb button_text_color=\u00bb#ffffff\u00bb button_bg_color=\u00bb#ff9d19&#8243; button_border_width=\u00bb0px\u00bb button_border_radius=\u00bb80px\u00bb button_letter_spacing=\u00bb0.15em\u00bb button_font=\u00bb|600||on|||||\u00bb button_use_icon=\u00bboff\u00bb custom_margin=\u00bb100px||||false|false\u00bb custom_padding=\u00bb23px|60px|23px|60px|false|false\u00bb global_colors_info=\u00bb{}\u00bb button_bg_color__hover_enabled=\u00bbon|hover\u00bb button_bg_color__hover=\u00bb#008ccd\u00bb button_bg_enable_color__hover=\u00bbon\u00bb][\/et_pb_button][\/et_pb_column][et_pb_column type=\u00bb3_5&#8243; _builder_version=\u00bb4.14.8&#8243; _module_preset=\u00bbdefault\u00bb global_colors_info=\u00bb{}\u00bb][et_pb_image src=\u00bbhttp:\/\/pulsarproperties.es\/wp-content\/uploads\/lugar.jpg\u00bb title_text=\u00bblugar\u00bb align=\u00bbcenter\u00bb force_fullwidth=\u00bbon\u00bb _builder_version=\u00bb4.14.8&#8243; _module_preset=\u00bbdefault\u00bb box_shadow_style=\u00bbpreset2&#8243; box_shadow_horizontal=\u00bb25px\u00bb box_shadow_vertical=\u00bb25px\u00bb box_shadow_blur=\u00bb50px\u00bb global_colors_info=\u00bb{}\u00bb][\/et_pb_image][\/et_pb_column][\/et_pb_row][\/et_pb_section][et_pb_section fb_built=\u00bb1&#8243; _builder_version=\u00bb4.14.8&#8243; _module_preset=\u00bbdefault\u00bb background_image=\u00bbhttp:\/\/pulsarproperties.es\/wp-content\/uploads\/punto.png\u00bb background_size=\u00bbinitial\u00bb background_position=\u00bbtop_center\u00bb background_repeat=\u00bbrepeat\u00bb custom_margin=\u00bb150px||||false|false\u00bb custom_padding=\u00bb125px||125px||false|false\u00bb custom_css_before=\u00bbcontent: \u00bb;||position: absolute;||top: 125px;||bottom: 125px;||left: 0;||right: 0;||max-width: 1650px;||margin: 0 auto;||background: red;||box-shadow: 0 50px 100px rgba(0, 0, 0, .25);\u00bb global_colors_info=\u00bb{}\u00bb][et_pb_row _builder_version=\u00bb4.14.8&#8243; _module_preset=\u00bbdefault\u00bb background_color=\u00bb#FFFFFF\u00bb width=\u00bb100%\u00bb custom_padding=\u00bb100px||100px||false|false\u00bb global_colors_info=\u00bb{}\u00bb][et_pb_column type=\u00bb4_4&#8243; _builder_version=\u00bb4.14.8&#8243; _module_preset=\u00bbdefault\u00bb global_colors_info=\u00bb{}\u00bb][et_pb_text _builder_version=\u00bb4.14.8&#8243; _module_preset=\u00bbdefault\u00bb text_font=\u00bbTitillium Web|||on|||||\u00bb text_text_color=\u00bb#008ccd\u00bb text_font_size=\u00bb50px\u00bb text_line_height=\u00bb55px\u00bb text_orientation=\u00bbcenter\u00bb global_colors_info=\u00bb{}\u00bb]<\/p>\n<p>Principales \u00e1reas de gesti\u00f3n<\/p>\n<p>[\/et_pb_text][\/et_pb_column][\/et_pb_row][et_pb_row column_structure=\u00bb1_4,1_4,1_4,1_4&#8243; _builder_version=\u00bb4.14.8&#8243; _module_preset=\u00bbdefault\u00bb background_color=\u00bb#FFFFFF\u00bb width=\u00bb100%\u00bb custom_margin=\u00bb||||false|false\u00bb custom_padding=\u00bb0px||0px||false|false\u00bb global_colors_info=\u00bb{}\u00bb][et_pb_column type=\u00bb1_4&#8243; _builder_version=\u00bb4.14.8&#8243; _module_preset=\u00bbdefault\u00bb global_colors_info=\u00bb{}\u00bb][et_pb_blurb title=\u00bbInversi\u00f3n Inmolog\u00edstica\u00bb _builder_version=\u00bb4.14.8&#8243; _module_preset=\u00bbdefault\u00bb header_font=\u00bb|700|||||||\u00bb header_text_color=\u00bb#000000&#8243; header_font_size=\u00bb20px\u00bb header_line_height=\u00bb25px\u00bb body_font_size=\u00bb18px\u00bb body_line_height=\u00bb25px\u00bb text_orientation=\u00bbcenter\u00bb custom_padding=\u00bb|55px||55px|false|false\u00bb animation=\u00bboff\u00bb global_colors_info=\u00bb{}\u00bb title_text=\u00bbicono_5_g\u00bb image=\u00bbhttps:\/\/pulsarproperties.es\/wp-content\/uploads\/icono_5_g.png\u00bb image_last_edited=\u00bbon|desktop\u00bb hover_enabled=\u00bb0&#8243; sticky_enabled=\u00bb0&#8243; image_tablet=\u00bbhttps:\/\/pulsarproperties.es\/wp-content\/uploads\/icono_5_g.png\u00bb image_phone=\u00bbhttps:\/\/pulsarproperties.es\/wp-content\/uploads\/icono_5_g.png\u00bb]<\/p>\n<p><span>B\u00fasqueda de oportunidades de inversi\u00f3n en el sector inmolog\u00edstico.<\/span><\/p>\n<p>[\/et_pb_blurb][\/et_pb_column][et_pb_column type=\u00bb1_4&#8243; _builder_version=\u00bb4.14.8&#8243; _module_preset=\u00bbdefault\u00bb global_colors_info=\u00bb{}\u00bb][et_pb_blurb title=\u00bbEstructuraci\u00f3n de operaciones\u00bb image=\u00bbhttps:\/\/pulsarproperties.es\/wp-content\/uploads\/icono_6_g.png\u00bb _builder_version=\u00bb4.14.8&#8243; _module_preset=\u00bbdefault\u00bb header_font=\u00bb|700|||||||\u00bb header_text_color=\u00bb#000000&#8243; header_font_size=\u00bb20px\u00bb header_line_height=\u00bb25px\u00bb body_font_size=\u00bb18px\u00bb body_line_height=\u00bb25px\u00bb text_orientation=\u00bbcenter\u00bb custom_padding=\u00bb|55px||55px|false|false\u00bb animation=\u00bboff\u00bb hover_enabled=\u00bb0&#8243; global_colors_info=\u00bb{}\u00bb title_text=\u00bbicono_6_g\u00bb sticky_enabled=\u00bb0&#8243;]<\/p>\n<p><span>Dise\u00f1o y estructuraci\u00f3n de operaciones para buen fin de la inversi\u00f3n.<\/span><\/p>\n<p>[\/et_pb_blurb][\/et_pb_column][et_pb_column type=\u00bb1_4&#8243; _builder_version=\u00bb4.14.8&#8243; _module_preset=\u00bbdefault\u00bb global_colors_info=\u00bb{}\u00bb][et_pb_blurb title=\u00bbDise\u00f1o y construcci\u00f3n\u00bb image=\u00bbhttps:\/\/pulsarproperties.es\/wp-content\/uploads\/icono_7_g.png\u00bb _builder_version=\u00bb4.14.8&#8243; _module_preset=\u00bbdefault\u00bb header_font=\u00bb|700|||||||\u00bb header_text_color=\u00bb#000000&#8243; header_font_size=\u00bb20px\u00bb header_line_height=\u00bb25px\u00bb body_font_size=\u00bb18px\u00bb body_line_height=\u00bb25px\u00bb text_orientation=\u00bbcenter\u00bb custom_padding=\u00bb|55px||55px|false|false\u00bb animation=\u00bboff\u00bb hover_enabled=\u00bb0&#8243; global_colors_info=\u00bb{}\u00bb title_text=\u00bbicono_7_g\u00bb sticky_enabled=\u00bb0&#8243;]<\/p>\n<p><span>Promoci\u00f3n log\u00edstica.<\/span><br \/><span>Rehabilitaci\u00f3n de plataformas industriales y log\u00edsticas.<\/span><\/p>\n<p>[\/et_pb_blurb][\/et_pb_column][et_pb_column type=\u00bb1_4&#8243; _builder_version=\u00bb4.14.8&#8243; _module_preset=\u00bbdefault\u00bb global_colors_info=\u00bb{}\u00bb][et_pb_blurb title=\u00bbGesti\u00f3n integral de activos\u00bb image=\u00bbhttps:\/\/pulsarproperties.es\/wp-content\/uploads\/icono_8_g.png\u00bb _builder_version=\u00bb4.14.8&#8243; _module_preset=\u00bbdefault\u00bb header_font=\u00bb|700|||||||\u00bb header_text_color=\u00bb#000000&#8243; header_font_size=\u00bb20px\u00bb header_line_height=\u00bb25px\u00bb body_font_size=\u00bb18px\u00bb body_line_height=\u00bb25px\u00bb text_orientation=\u00bbcenter\u00bb custom_padding=\u00bb|55px||55px|false|false\u00bb animation=\u00bboff\u00bb hover_enabled=\u00bb0&#8243; global_colors_info=\u00bb{}\u00bb title_text=\u00bbicono_8_g\u00bb sticky_enabled=\u00bb0&#8243;]<\/p>\n<p><span>Comercializaci\u00f3n y mantenimiento de los activos.<\/span><\/p>\n<p>[\/et_pb_blurb][\/et_pb_column][\/et_pb_row][et_pb_row _builder_version=\u00bb4.14.8&#8243; _module_preset=\u00bbdefault\u00bb background_color=\u00bb#FFFFFF\u00bb width=\u00bb100%\u00bb custom_padding=\u00bb75px||75px||false|false\u00bb global_colors_info=\u00bb{}\u00bb][et_pb_column type=\u00bb4_4&#8243; _builder_version=\u00bb4.14.8&#8243; _module_preset=\u00bbdefault\u00bb global_colors_info=\u00bb{}\u00bb][et_pb_button button_url=\u00bbhttps:\/\/pulsarproperties.es\/servicios\/\u00bb button_text=\u00bbSERVICIOS\u00bb button_alignment=\u00bbcenter\u00bb _builder_version=\u00bb4.14.8&#8243; _module_preset=\u00bbdefault\u00bb custom_button=\u00bbon\u00bb button_text_color=\u00bb#ffffff\u00bb button_bg_color=\u00bb#ff9d19&#8243; button_border_width=\u00bb0px\u00bb button_border_radius=\u00bb80px\u00bb button_letter_spacing=\u00bb0.15em\u00bb button_font=\u00bb|600||on|||||\u00bb button_use_icon=\u00bboff\u00bb custom_margin=\u00bb0px||||false|false\u00bb custom_padding=\u00bb23px|60px|23px|60px|false|false\u00bb global_colors_info=\u00bb{}\u00bb button_bg_color__hover_enabled=\u00bbon|hover\u00bb button_bg_color__hover=\u00bb#008ccd\u00bb button_bg_enable_color__hover=\u00bbon\u00bb][\/et_pb_button][\/et_pb_column][\/et_pb_row][\/et_pb_section][et_pb_section fb_built=\u00bb1&#8243; _builder_version=\u00bb4.14.8&#8243; _module_preset=\u00bbdefault\u00bb custom_margin=\u00bb100px||||false|false\u00bb custom_padding=\u00bb0px||0px||false|false\u00bb global_colors_info=\u00bb{}\u00bb][et_pb_row column_structure=\u00bb1_2,1_2&#8243; _builder_version=\u00bb4.14.8&#8243; _module_preset=\u00bbdefault\u00bb width=\u00bb100%\u00bb custom_padding=\u00bb0px||0px||false|false\u00bb global_colors_info=\u00bb{}\u00bb][et_pb_column type=\u00bb1_2&#8243; _builder_version=\u00bb4.14.8&#8243; _module_preset=\u00bbdefault\u00bb custom_padding=\u00bb250px|50px|||false|false\u00bb custom_css_main_element=\u00bbposition: relative;||z-index: 3;\u00bb global_colors_info=\u00bb{}\u00bb][et_pb_image src=\u00bbhttp:\/\/pulsarproperties.es\/wp-content\/uploads\/oficina.jpg\u00bb title_text=\u00bboficina\u00bb align=\u00bbcenter\u00bb force_fullwidth=\u00bbon\u00bb _builder_version=\u00bb4.14.8&#8243; _module_preset=\u00bbdefault\u00bb global_colors_info=\u00bb{}\u00bb][\/et_pb_image][\/et_pb_column][et_pb_column type=\u00bb1_2&#8243; _builder_version=\u00bb4.14.8&#8243; _module_preset=\u00bbdefault\u00bb custom_padding=\u00bb|||50px|false|false\u00bb global_colors_info=\u00bb{}\u00bb][et_pb_text _builder_version=\u00bb4.14.8&#8243; _module_preset=\u00bbdefault\u00bb text_font=\u00bbTitillium Web|||on|||||\u00bb text_text_color=\u00bb#008ccd\u00bb text_font_size=\u00bb50px\u00bb text_line_height=\u00bb55px\u00bb background_color=\u00bb#f7f7f7&#8243; custom_padding=\u00bb100px|350px|50px||false|false\u00bb custom_css_before=\u00bbcontent: \u00bb;||position: absolute;||top: 0;||bottom: -75px;||right: 100%;||width: 300px;||background: #f7f7f7;||z-index: -1;\u00bb global_colors_info=\u00bb{}\u00bb]<\/p>\n<p>Un equipo especializado<\/p>\n<p>[\/et_pb_text][et_pb_text _builder_version=\u00bb4.14.8&#8243; _module_preset=\u00bbdefault\u00bb text_font=\u00bb||||||||\u00bb text_font_size=\u00bb18px\u00bb text_line_height=\u00bb25px\u00bb background_color=\u00bb#f7f7f7&#8243; custom_padding=\u00bb0px|350px|100px||false|false\u00bb custom_css_before=\u00bbcontent: \u00bb;||position: absolute;||top: 0;||bottom: -75px;||right: 100%;||width: 300px;||background: #f7f7f7;||z-index: -1;\u00bb global_colors_info=\u00bb{}\u00bb]<\/p>\n<p>En la <strong>creaci\u00f3n de valor<\/strong> de cada uno de nuestros proyectos<\/p>\n<p>[\/et_pb_text][et_pb_image src=\u00bbhttp:\/\/pulsarproperties.es\/wp-content\/uploads\/reunion.jpg\u00bb title_text=\u00bbreunion\u00bb align=\u00bbcenter\u00bb force_fullwidth=\u00bbon\u00bb _builder_version=\u00bb4.14.8&#8243; _module_preset=\u00bbdefault\u00bb custom_margin=\u00bb||||false|false\u00bb global_colors_info=\u00bb{}\u00bb][\/et_pb_image][\/et_pb_column][\/et_pb_row][\/et_pb_section][et_pb_section fb_built=\u00bb1&#8243; _builder_version=\u00bb4.14.8&#8243; _module_preset=\u00bbdefault\u00bb custom_margin=\u00bb50px||||false|false\u00bb custom_padding=\u00bb0px||0px||false|false\u00bb custom_css_before=\u00bbcontent: \u00bb;||position: absolute;||top: 0;||bottom: 0;||left: 0;||width: 50%;||background: #f7f7f7;\u00bb global_colors_info=\u00bb{}\u00bb][et_pb_row _builder_version=\u00bb4.14.8&#8243; _module_preset=\u00bbdefault\u00bb width=\u00bb100%\u00bb custom_margin=\u00bb||||false|false\u00bb custom_padding=\u00bb100px||100px||false|false\u00bb global_colors_info=\u00bb{}\u00bb][et_pb_column type=\u00bb4_4&#8243; _builder_version=\u00bb4.14.8&#8243; _module_preset=\u00bbdefault\u00bb global_colors_info=\u00bb{}\u00bb][et_pb_text _builder_version=\u00bb4.14.8&#8243; _module_preset=\u00bbdefault\u00bb text_font=\u00bb|||on|||||\u00bb text_text_color=\u00bb#008ccd\u00bb text_font_size=\u00bb50px\u00bb text_line_height=\u00bb55px\u00bb global_colors_info=\u00bb{}\u00bb]<\/p>\n<p>\u00daltimas noticias<\/p>\n<p>[\/et_pb_text][et_pb_blog fullwidth=\u00bboff\u00bb posts_number=\u00bb3&#8243; include_categories=\u00bball\u00bb show_author=\u00bboff\u00bb show_categories=\u00bboff\u00bb show_pagination=\u00bboff\u00bb _builder_version=\u00bb4.14.8&#8243; _module_preset=\u00bbdefault\u00bb header_font=\u00bb|700|||||||\u00bb header_text_color=\u00bb#000000&#8243; header_font_size=\u00bb20px\u00bb header_line_height=\u00bb25px\u00bb body_font_size=\u00bb18px\u00bb body_line_height=\u00bb25px\u00bb meta_font=\u00bb|||on|||||\u00bb meta_text_color=\u00bb#c6c6c6&#8243; meta_font_size=\u00bb18px\u00bb meta_line_height=\u00bb25px\u00bb transform_scale=\u00bb97%|97%\u00bb custom_margin=\u00bb100px|-25px|0px|-25px|false|false\u00bb custom_padding=\u00bb||||false|false\u00bb global_colors_info=\u00bb{}\u00bb][\/et_pb_blog][\/et_pb_column][\/et_pb_row][\/et_pb_section]<\/p>\n","protected":false},"excerpt":{"rendered":"<p>Expertos en infraestructuras log\u00edsticasLlevamos 20 a\u00f1os haciendo realidad proyectos industriales, log\u00edsticos e intermodales.Pulsar Properties es pionera en el dise\u00f1o y desarrollo de plataformas industriales, log\u00edsticas e intermodales, siempre en buenas ubicaciones. A lo largo de los m\u00e1s de 20 a\u00f1os de experiencia en el sector, se ha ido adaptando a las necesidades de sus clientes [&hellip;]<\/p>\n","protected":false},"author":1,"featured_media":0,"parent":0,"menu_order":0,"comment_status":"closed","ping_status":"closed","template":"","meta":{"_et_pb_use_builder":"on","_et_pb_old_content":"","_et_gb_content_width":"1080","footnotes":""},"class_list":["post-5","page","type-page","status-publish","hentry"],"yoast_head":"<!-- This site is optimized with the Yoast SEO plugin v27.4 - https:\/\/yoast.com\/product\/yoast-seo-wordpress\/ -->\n<title>Inicio - Pulsar Properties<\/title>\n<meta name=\"robots\" content=\"index, follow, max-snippet:-1, max-image-preview:large, max-video-preview:-1\" \/>\n<link rel=\"canonical\" href=\"https:\/\/pulsarproperties.es\/en\/\" \/>\n<meta property=\"og:locale\" content=\"en_GB\" \/>\n<meta property=\"og:type\" content=\"article\" \/>\n<meta property=\"og:title\" content=\"Inicio - Pulsar Properties\" \/>\n<meta property=\"og:description\" content=\"Expertos en infraestructuras log\u00edsticasLlevamos 20 a\u00f1os haciendo realidad proyectos industriales, log\u00edsticos e intermodales.Pulsar Properties es pionera en el dise\u00f1o y desarrollo de plataformas industriales, log\u00edsticas e intermodales, siempre en buenas ubicaciones. A lo largo de los m\u00e1s de 20 a\u00f1os de experiencia en el sector, se ha ido adaptando a las necesidades de sus clientes [&hellip;]\" \/>\n<meta property=\"og:url\" content=\"https:\/\/pulsarproperties.es\/en\/\" \/>\n<meta property=\"og:site_name\" content=\"Pulsar Properties\" \/>\n<meta property=\"article:modified_time\" content=\"2024-01-16T08:16:24+00:00\" \/>\n<meta property=\"og:image\" content=\"https:\/\/pulsarproperties.es\/wp-content\/uploads\/pulsar-properties-logo.png\" \/>\n\t<meta property=\"og:image:width\" content=\"425\" \/>\n\t<meta property=\"og:image:height\" content=\"201\" \/>\n\t<meta property=\"og:image:type\" content=\"image\/png\" \/>\n<meta name=\"twitter:card\" content=\"summary_large_image\" \/>\n<meta name=\"twitter:site\" content=\"@pulsarpropertie\" \/>\n<meta name=\"twitter:label1\" content=\"Estimated reading time\" \/>\n\t<meta name=\"twitter:data1\" content=\"9 minutes\" \/>\n<script type=\"application\/ld+json\" class=\"yoast-schema-graph\">{\"@context\":\"https:\\\/\\\/schema.org\",\"@graph\":[{\"@type\":\"WebPage\",\"@id\":\"https:\\\/\\\/pulsarproperties.es\\\/\",\"url\":\"https:\\\/\\\/pulsarproperties.es\\\/\",\"name\":\"Inicio - Pulsar Properties\",\"isPartOf\":{\"@id\":\"https:\\\/\\\/pulsarproperties.es\\\/#website\"},\"datePublished\":\"2022-03-07T15:03:33+00:00\",\"dateModified\":\"2024-01-16T08:16:24+00:00\",\"breadcrumb\":{\"@id\":\"https:\\\/\\\/pulsarproperties.es\\\/#breadcrumb\"},\"inLanguage\":\"en-GB\",\"potentialAction\":[{\"@type\":\"ReadAction\",\"target\":[\"https:\\\/\\\/pulsarproperties.es\\\/\"]}]},{\"@type\":\"BreadcrumbList\",\"@id\":\"https:\\\/\\\/pulsarproperties.es\\\/#breadcrumb\",\"itemListElement\":[{\"@type\":\"ListItem\",\"position\":1,\"name\":\"Portada\",\"item\":\"https:\\\/\\\/pulsarproperties.es\\\/\"},{\"@type\":\"ListItem\",\"position\":2,\"name\":\"Inicio\"}]},{\"@type\":\"WebSite\",\"@id\":\"https:\\\/\\\/pulsarproperties.es\\\/#website\",\"url\":\"https:\\\/\\\/pulsarproperties.es\\\/\",\"name\":\"Pulsar Properties\",\"description\":\"Expertos en infraestructuras log\u00edsticas\",\"publisher\":{\"@id\":\"https:\\\/\\\/pulsarproperties.es\\\/#organization\"},\"alternateName\":\"Pulsar Properties\",\"potentialAction\":[{\"@type\":\"SearchAction\",\"target\":{\"@type\":\"EntryPoint\",\"urlTemplate\":\"https:\\\/\\\/pulsarproperties.es\\\/?s={search_term_string}\"},\"query-input\":{\"@type\":\"PropertyValueSpecification\",\"valueRequired\":true,\"valueName\":\"search_term_string\"}}],\"inLanguage\":\"en-GB\"},{\"@type\":\"Organization\",\"@id\":\"https:\\\/\\\/pulsarproperties.es\\\/#organization\",\"name\":\"Pulsar Properties\",\"alternateName\":\"Pulsar Properties\",\"url\":\"https:\\\/\\\/pulsarproperties.es\\\/\",\"logo\":{\"@type\":\"ImageObject\",\"inLanguage\":\"en-GB\",\"@id\":\"https:\\\/\\\/pulsarproperties.es\\\/#\\\/schema\\\/logo\\\/image\\\/\",\"url\":\"https:\\\/\\\/pulsarproperties.es\\\/wp-content\\\/uploads\\\/pulsar-properties-logo.png\",\"contentUrl\":\"https:\\\/\\\/pulsarproperties.es\\\/wp-content\\\/uploads\\\/pulsar-properties-logo.png\",\"width\":425,\"height\":201,\"caption\":\"Pulsar Properties\"},\"image\":{\"@id\":\"https:\\\/\\\/pulsarproperties.es\\\/#\\\/schema\\\/logo\\\/image\\\/\"},\"sameAs\":[\"https:\\\/\\\/x.com\\\/pulsarpropertie\",\"https:\\\/\\\/www.linkedin.com\\\/company\\\/grupo-pulsar?originalSubdomain=es\"]}]}<\/script>\n<!-- \/ Yoast SEO plugin. -->","yoast_head_json":{"title":"Inicio - Pulsar Properties","robots":{"index":"index","follow":"follow","max-snippet":"max-snippet:-1","max-image-preview":"max-image-preview:large","max-video-preview":"max-video-preview:-1"},"canonical":"https:\/\/pulsarproperties.es\/en\/","og_locale":"en_GB","og_type":"article","og_title":"Inicio - Pulsar Properties","og_description":"Expertos en infraestructuras log\u00edsticasLlevamos 20 a\u00f1os haciendo realidad proyectos industriales, log\u00edsticos e intermodales.Pulsar Properties es pionera en el dise\u00f1o y desarrollo de plataformas industriales, log\u00edsticas e intermodales, siempre en buenas ubicaciones. A lo largo de los m\u00e1s de 20 a\u00f1os de experiencia en el sector, se ha ido adaptando a las necesidades de sus clientes [&hellip;]","og_url":"https:\/\/pulsarproperties.es\/en\/","og_site_name":"Pulsar Properties","article_modified_time":"2024-01-16T08:16:24+00:00","og_image":[{"width":425,"height":201,"url":"https:\/\/pulsarproperties.es\/wp-content\/uploads\/pulsar-properties-logo.png","type":"image\/png"}],"twitter_card":"summary_large_image","twitter_site":"@pulsarpropertie","twitter_misc":{"Estimated reading time":"9 minutes"},"schema":{"@context":"https:\/\/schema.org","@graph":[{"@type":"WebPage","@id":"https:\/\/pulsarproperties.es\/","url":"https:\/\/pulsarproperties.es\/","name":"Inicio - Pulsar Properties","isPartOf":{"@id":"https:\/\/pulsarproperties.es\/#website"},"datePublished":"2022-03-07T15:03:33+00:00","dateModified":"2024-01-16T08:16:24+00:00","breadcrumb":{"@id":"https:\/\/pulsarproperties.es\/#breadcrumb"},"inLanguage":"en-GB","potentialAction":[{"@type":"ReadAction","target":["https:\/\/pulsarproperties.es\/"]}]},{"@type":"BreadcrumbList","@id":"https:\/\/pulsarproperties.es\/#breadcrumb","itemListElement":[{"@type":"ListItem","position":1,"name":"Portada","item":"https:\/\/pulsarproperties.es\/"},{"@type":"ListItem","position":2,"name":"Inicio"}]},{"@type":"WebSite","@id":"https:\/\/pulsarproperties.es\/#website","url":"https:\/\/pulsarproperties.es\/","name":"Pulsar Properties","description":"Expertos en infraestructuras log\u00edsticas","publisher":{"@id":"https:\/\/pulsarproperties.es\/#organization"},"alternateName":"Pulsar Properties","potentialAction":[{"@type":"SearchAction","target":{"@type":"EntryPoint","urlTemplate":"https:\/\/pulsarproperties.es\/?s={search_term_string}"},"query-input":{"@type":"PropertyValueSpecification","valueRequired":true,"valueName":"search_term_string"}}],"inLanguage":"en-GB"},{"@type":"Organization","@id":"https:\/\/pulsarproperties.es\/#organization","name":"Pulsar Properties","alternateName":"Pulsar Properties","url":"https:\/\/pulsarproperties.es\/","logo":{"@type":"ImageObject","inLanguage":"en-GB","@id":"https:\/\/pulsarproperties.es\/#\/schema\/logo\/image\/","url":"https:\/\/pulsarproperties.es\/wp-content\/uploads\/pulsar-properties-logo.png","contentUrl":"https:\/\/pulsarproperties.es\/wp-content\/uploads\/pulsar-properties-logo.png","width":425,"height":201,"caption":"Pulsar Properties"},"image":{"@id":"https:\/\/pulsarproperties.es\/#\/schema\/logo\/image\/"},"sameAs":["https:\/\/x.com\/pulsarpropertie","https:\/\/www.linkedin.com\/company\/grupo-pulsar?originalSubdomain=es"]}]}},"_links":{"self":[{"href":"https:\/\/pulsarproperties.es\/en\/wp-json\/wp\/v2\/pages\/5","targetHints":{"allow":["GET"]}}],"collection":[{"href":"https:\/\/pulsarproperties.es\/en\/wp-json\/wp\/v2\/pages"}],"about":[{"href":"https:\/\/pulsarproperties.es\/en\/wp-json\/wp\/v2\/types\/page"}],"author":[{"embeddable":true,"href":"https:\/\/pulsarproperties.es\/en\/wp-json\/wp\/v2\/users\/1"}],"replies":[{"embeddable":true,"href":"https:\/\/pulsarproperties.es\/en\/wp-json\/wp\/v2\/comments?post=5"}],"version-history":[{"count":11,"href":"https:\/\/pulsarproperties.es\/en\/wp-json\/wp\/v2\/pages\/5\/revisions"}],"predecessor-version":[{"id":1807,"href":"https:\/\/pulsarproperties.es\/en\/wp-json\/wp\/v2\/pages\/5\/revisions\/1807"}],"wp:attachment":[{"href":"https:\/\/pulsarproperties.es\/en\/wp-json\/wp\/v2\/media?parent=5"}],"curies":[{"name":"wp","href":"https:\/\/api.w.org\/{rel}","templated":true}]}}