{"id":534,"date":"2022-03-16T12:55:15","date_gmt":"2022-03-16T12:55:15","guid":{"rendered":"https:\/\/pulsarproperties.es\/?page_id=534"},"modified":"2023-12-01T17:03:04","modified_gmt":"2023-12-01T16:03:04","slug":"aviso-legal","status":"publish","type":"page","link":"https:\/\/pulsarproperties.es\/en\/aviso-legal\/","title":{"rendered":"Aviso Legal"},"content":{"rendered":"\n[et_pb_section fb_built=\u00bb1&#8243; _builder_version=\u00bb4.14.8&#8243; _module_preset=\u00bbdefault\u00bb custom_padding=\u00bb50px||125px||false|false\u00bb global_colors_info=\u00bb{}\u00bb][et_pb_row _builder_version=\u00bb4.14.8&#8243; _module_preset=\u00bbdefault\u00bb width=\u00bb100%\u00bb custom_padding=\u00bb0px||0px||false|false\u00bb global_colors_info=\u00bb{}\u00bb][et_pb_column type=\u00bb4_4&#8243; _builder_version=\u00bb4.14.8&#8243; _module_preset=\u00bbdefault\u00bb global_colors_info=\u00bb{}\u00bb][et_pb_text _builder_version=\u00bb4.14.8&#8243; _module_preset=\u00bbdefault\u00bb text_font=\u00bbTitillium Web|700||on|||||\u00bb text_text_color=\u00bb#008ccd\u00bb text_font_size=\u00bb30px\u00bb text_line_height=\u00bb1em\u00bb locked=\u00bboff\u00bb global_colors_info=\u00bb{}\u00bb]<p>Aviso legal<\/p>[\/et_pb_text][et_pb_text _builder_version=\u00bb4.14.8&#8243; _module_preset=\u00bbdefault\u00bb custom_margin=\u00bb30px||||false|false\u00bb hover_enabled=\u00bb0&#8243; global_colors_info=\u00bb{}\u00bb sticky_enabled=\u00bb0&#8243;]<p><strong>Datos del propietario:<\/strong><\/p>\n<p>Conforme a lo establecido en la ley de Servicios de la Sociedad de la Informaci\u00f3n (LSSI), se informa a los usuarios de\u00a0http:\/\/www.pulsarproperties.es\/ de que estos son los datos del propietario de este sitio web:<\/p>\n<p>Nombre: Pulsar Partners, S.A.<br \/>CIF: A-83.292.706<br \/>Datos de inscripci\u00f3n en el Registro Mercantil de Madrid: Tomo 18.008, Folio 127, Secci\u00f3n 8\u00aa, Hoja, M-311.254, Inscripci\u00f3n 1\u00aa<br \/>Domicilio: C\/ Orense 25, 3\u00baC, \u00a028020-Madrid<\/p>\n<p>Tel\u00e9fono de contacto: (+34) 91 668 49 08<br \/>E-mail de contacto: <a href=\"mailto:info@pulsarproperties.es\">info@pulsarproperties.es<\/a><\/p>\n<p><strong>Propiedad Intelectual:<\/strong><\/p>\n<p><span lang=\"ES\">El dise\u00f1o, c\u00f3digo fuente y contenidos del sitio web\u00a0http:\/\/www.pulsarproperties.es\/ est\u00e1n protegidos por la legislaci\u00f3n espa\u00f1ola en lo referente a los derechos de propiedad intelectual e industrial a favor de Pulsar Partners, quedando prohibida su reproducci\u00f3n, distribuci\u00f3n o comunicaci\u00f3n p\u00fablica, total o parcial, sin la autorizaci\u00f3n expresa de Pulsar Partners.<\/span><\/p>\n<p><strong>Disponibilidad y actualizaciones:<\/strong><\/p>\n<p><span lang=\"ES\">Pulsar Partners se reserva el derecho a interrumpir en cualquier momento y sin previo aviso el acceso al sitio web http:\/\/www.pulsarproperties.es\/, as\u00ed como a modificar o eliminar la configuraci\u00f3n del sitio, los contenidos que en \u00e9l se muestran o la prestaci\u00f3n de cualquiera o de todos los servicios que se prestan a trav\u00e9s del mismo, ya sea por motivos t\u00e9cnicos, de seguridad, de mantenimiento o por cualquier otra causa. Dicha interrupci\u00f3n, edici\u00f3n o eliminaci\u00f3n podr\u00e1 tener car\u00e1cter temporal o definitivo, sin que de ello se derive ninguna responsabilidad para Pulsar Partners.<\/span><\/p>\n<p><strong>Uso del sitio web, sus contenidos y servicios:<\/strong><\/p>\n<p>El acceso a los contenidos y servicios que se ofrecen en http:\/\/www.pulsarproperties.es\/, y la utilizaci\u00f3n de los mismos por parte del Usuario, se lleva a cabo por su propia cuenta y riesgo.<\/p>\n<p>Pulsar<span>\u00a0<\/span><span lang=\"ES\">Partners<\/span><span>\u00a0<\/span>no se responsabiliza de posibles da\u00f1os o perjuicios que pueda sufrir el usuario, ni de posibles problemas t\u00e9cnicos o fallos en los equipos inform\u00e1ticos del usuario, que se produzcan debido a:<\/p>\n<p>Un mal uso de los contenidos o servicios de\u00a0http:\/\/www.pulsarproperties.es\/ por parte del usuario.<br \/>Errores, defectos u omisiones en la informaci\u00f3n facilitada cuando proceda de fuentes ajenas a Pulsar<span>\u00a0<\/span><span lang=\"ES\">Partners<\/span>.<br \/>Intromisiones ileg\u00edtimas fuera del control de Pulsar<span>\u00a0<\/span><span lang=\"ES\">Partners<\/span><span>\u00a0<\/span>por parte de terceras personas.<\/p>\n<p><strong>Marcas:<\/strong><\/p>\n<p><span lang=\"ES\">En\u00a0http:\/\/www.pulsarproperties.es\/ puede que se mencionen de forma indirecta y a nivel informativo algunos t\u00e9rminos y logotipos, que constituyen marcas registradas por sus respectivos propietarios, no haci\u00e9ndonos responsable de la utilizaci\u00f3n inadecuada que pudieran hacer terceras personas respecto a dichas marcas.<\/span><\/p>\n<p><strong>Enlaces:<\/strong><\/p>\n<p>Pulsar<span>\u00a0<\/span><span lang=\"ES\">Partners<\/span><span>\u00a0<\/span>no se hace responsable de aquellos otros datos, sitios web u archivos a los que sea posible acceder a trav\u00e9s de enlaces (links) disponibles entre los contenidos de http:\/\/www.pulsarproperties.es\/, dado que dichas p\u00e1ginas o archivos objeto de enlace son responsabilidad de sus respectivos titulares. Pulsar<span>\u00a0<\/span><span lang=\"ES\">Partners<\/span>, por tanto, ni aprueba, ni hace suyos los productos, servicios, contenidos, informaci\u00f3n, datos, archivos y cualquier clase de material existente en tales p\u00e1ginas web o archivos y no controla ni, de conformidad con lo dispuesto en la LSSICE, se hace responsable de la calidad, licitud, fiabilidad y utilidad de la informaci\u00f3n, contenidos, datos y servicios existentes en los sitios enlazados y que son ajenos a http:\/\/www.pulsarproperties.es\/. En el caso de que un \u00f3rgano competente declare la ilicitud de los datos, ordenado su retirada o que se imposibilite el acceso a los mismos, o se hubiera declarado la existencia de la lesi\u00f3n, los enlaces que se indiquen ser\u00edan inmediatamente retirados, en cuanto as\u00ed se le notifique expresamente a Pulsar<span>\u00a0<\/span><span lang=\"ES\">Partners<\/span>. Pol\u00edtica de cookies<\/p>\n<p>Una<span>\u00a0<\/span><em>cookie<\/em>es un peque\u00f1o fichero de texto que se almacena en su navegador cuando visita casi cualquier p\u00e1gina web. Su utilidad es que la web sea capaz de recordar su visita cuando vuelva a navegar por esa p\u00e1gina. Las<em>cookies<\/em>suelen almacenar informaci\u00f3n de car\u00e1cter t\u00e9cnico, preferencias personales, personalizaci\u00f3n de contenidos, estad\u00edsticas de uso, enlaces a redes sociales, acceso a cuentas de usuario, etc. El objetivo de la<span>\u00a0<\/span><em>cookie<\/em>es adaptar el contenido de la web a su perfil y necesidades, sin<span>\u00a0<\/span><em>cookies<\/em>los servicios ofrecidos por cualquier p\u00e1gina se ver\u00edan mermados notablemente.<\/p>[\/et_pb_text][\/et_pb_column][\/et_pb_row][\/et_pb_section]\n","protected":false},"excerpt":{"rendered":"<p>Aviso legalDatos del propietario: Conforme a lo establecido en la ley de Servicios de la Sociedad de la Informaci\u00f3n (LSSI), se informa a los usuarios de\u00a0http:\/\/www.pulsarproperties.es\/ de que estos son los datos del propietario de este sitio web: Nombre: Pulsar Partners, S.A.CIF: A-83.292.706Datos de inscripci\u00f3n en el Registro Mercantil de Madrid: Tomo 18.008, Folio 127, [&hellip;]<\/p>\n","protected":false},"author":1,"featured_media":0,"parent":0,"menu_order":0,"comment_status":"closed","ping_status":"closed","template":"","meta":{"_et_pb_use_builder":"on","_et_pb_old_content":"","_et_gb_content_width":"","footnotes":""},"class_list":["post-534","page","type-page","status-publish","hentry"],"yoast_head":"<!-- This site is optimized with the Yoast SEO plugin v27.4 - https:\/\/yoast.com\/product\/yoast-seo-wordpress\/ -->\n<title>Aviso Legal - Pulsar Properties<\/title>\n<meta name=\"robots\" content=\"noindex, nofollow\" \/>\n<meta property=\"og:locale\" content=\"en_GB\" \/>\n<meta property=\"og:type\" content=\"article\" \/>\n<meta property=\"og:title\" content=\"Aviso Legal - Pulsar Properties\" \/>\n<meta property=\"og:description\" content=\"Aviso legalDatos del propietario: Conforme a lo establecido en la ley de Servicios de la Sociedad de la Informaci\u00f3n (LSSI), se informa a los usuarios de\u00a0http:\/\/www.pulsarproperties.es\/ de que estos son los datos del propietario de este sitio web: Nombre: Pulsar Partners, S.A.CIF: A-83.292.706Datos de inscripci\u00f3n en el Registro Mercantil de Madrid: Tomo 18.008, Folio 127, [&hellip;]\" \/>\n<meta property=\"og:url\" content=\"https:\/\/pulsarproperties.es\/en\/aviso-legal\/\" \/>\n<meta property=\"og:site_name\" content=\"Pulsar Properties\" \/>\n<meta property=\"article:modified_time\" content=\"2023-12-01T16:03:04+00:00\" \/>\n<meta property=\"og:image\" content=\"https:\/\/pulsarproperties.es\/wp-content\/uploads\/pulsar-properties-logo.png\" \/>\n\t<meta property=\"og:image:width\" content=\"425\" \/>\n\t<meta property=\"og:image:height\" content=\"201\" \/>\n\t<meta property=\"og:image:type\" content=\"image\/png\" \/>\n<meta name=\"twitter:card\" content=\"summary_large_image\" \/>\n<meta name=\"twitter:site\" content=\"@pulsarpropertie\" \/>\n<meta name=\"twitter:label1\" content=\"Estimated reading time\" \/>\n\t<meta name=\"twitter:data1\" content=\"4 minutes\" \/>\n<script type=\"application\/ld+json\" class=\"yoast-schema-graph\">{\"@context\":\"https:\\\/\\\/schema.org\",\"@graph\":[{\"@type\":\"WebPage\",\"@id\":\"https:\\\/\\\/pulsarproperties.es\\\/aviso-legal\\\/\",\"url\":\"https:\\\/\\\/pulsarproperties.es\\\/aviso-legal\\\/\",\"name\":\"Aviso Legal - Pulsar Properties\",\"isPartOf\":{\"@id\":\"https:\\\/\\\/pulsarproperties.es\\\/#website\"},\"datePublished\":\"2022-03-16T12:55:15+00:00\",\"dateModified\":\"2023-12-01T16:03:04+00:00\",\"breadcrumb\":{\"@id\":\"https:\\\/\\\/pulsarproperties.es\\\/aviso-legal\\\/#breadcrumb\"},\"inLanguage\":\"en-GB\",\"potentialAction\":[{\"@type\":\"ReadAction\",\"target\":[\"https:\\\/\\\/pulsarproperties.es\\\/aviso-legal\\\/\"]}]},{\"@type\":\"BreadcrumbList\",\"@id\":\"https:\\\/\\\/pulsarproperties.es\\\/aviso-legal\\\/#breadcrumb\",\"itemListElement\":[{\"@type\":\"ListItem\",\"position\":1,\"name\":\"Portada\",\"item\":\"https:\\\/\\\/pulsarproperties.es\\\/\"},{\"@type\":\"ListItem\",\"position\":2,\"name\":\"Aviso Legal\"}]},{\"@type\":\"WebSite\",\"@id\":\"https:\\\/\\\/pulsarproperties.es\\\/#website\",\"url\":\"https:\\\/\\\/pulsarproperties.es\\\/\",\"name\":\"Pulsar Properties\",\"description\":\"Expertos en infraestructuras log\u00edsticas\",\"publisher\":{\"@id\":\"https:\\\/\\\/pulsarproperties.es\\\/#organization\"},\"alternateName\":\"Pulsar Properties\",\"potentialAction\":[{\"@type\":\"SearchAction\",\"target\":{\"@type\":\"EntryPoint\",\"urlTemplate\":\"https:\\\/\\\/pulsarproperties.es\\\/?s={search_term_string}\"},\"query-input\":{\"@type\":\"PropertyValueSpecification\",\"valueRequired\":true,\"valueName\":\"search_term_string\"}}],\"inLanguage\":\"en-GB\"},{\"@type\":\"Organization\",\"@id\":\"https:\\\/\\\/pulsarproperties.es\\\/#organization\",\"name\":\"Pulsar Properties\",\"alternateName\":\"Pulsar Properties\",\"url\":\"https:\\\/\\\/pulsarproperties.es\\\/\",\"logo\":{\"@type\":\"ImageObject\",\"inLanguage\":\"en-GB\",\"@id\":\"https:\\\/\\\/pulsarproperties.es\\\/#\\\/schema\\\/logo\\\/image\\\/\",\"url\":\"https:\\\/\\\/pulsarproperties.es\\\/wp-content\\\/uploads\\\/pulsar-properties-logo.png\",\"contentUrl\":\"https:\\\/\\\/pulsarproperties.es\\\/wp-content\\\/uploads\\\/pulsar-properties-logo.png\",\"width\":425,\"height\":201,\"caption\":\"Pulsar Properties\"},\"image\":{\"@id\":\"https:\\\/\\\/pulsarproperties.es\\\/#\\\/schema\\\/logo\\\/image\\\/\"},\"sameAs\":[\"https:\\\/\\\/x.com\\\/pulsarpropertie\",\"https:\\\/\\\/www.linkedin.com\\\/company\\\/grupo-pulsar?originalSubdomain=es\"]}]}<\/script>\n<!-- \/ Yoast SEO plugin. -->","yoast_head_json":{"title":"Aviso Legal - Pulsar Properties","robots":{"index":"noindex","follow":"nofollow"},"og_locale":"en_GB","og_type":"article","og_title":"Aviso Legal - Pulsar Properties","og_description":"Aviso legalDatos del propietario: Conforme a lo establecido en la ley de Servicios de la Sociedad de la Informaci\u00f3n (LSSI), se informa a los usuarios de\u00a0http:\/\/www.pulsarproperties.es\/ de que estos son los datos del propietario de este sitio web: Nombre: Pulsar Partners, S.A.CIF: A-83.292.706Datos de inscripci\u00f3n en el Registro Mercantil de Madrid: Tomo 18.008, Folio 127, [&hellip;]","og_url":"https:\/\/pulsarproperties.es\/en\/aviso-legal\/","og_site_name":"Pulsar Properties","article_modified_time":"2023-12-01T16:03:04+00:00","og_image":[{"width":425,"height":201,"url":"https:\/\/pulsarproperties.es\/wp-content\/uploads\/pulsar-properties-logo.png","type":"image\/png"}],"twitter_card":"summary_large_image","twitter_site":"@pulsarpropertie","twitter_misc":{"Estimated reading time":"4 minutes"},"schema":{"@context":"https:\/\/schema.org","@graph":[{"@type":"WebPage","@id":"https:\/\/pulsarproperties.es\/aviso-legal\/","url":"https:\/\/pulsarproperties.es\/aviso-legal\/","name":"Aviso Legal - Pulsar Properties","isPartOf":{"@id":"https:\/\/pulsarproperties.es\/#website"},"datePublished":"2022-03-16T12:55:15+00:00","dateModified":"2023-12-01T16:03:04+00:00","breadcrumb":{"@id":"https:\/\/pulsarproperties.es\/aviso-legal\/#breadcrumb"},"inLanguage":"en-GB","potentialAction":[{"@type":"ReadAction","target":["https:\/\/pulsarproperties.es\/aviso-legal\/"]}]},{"@type":"BreadcrumbList","@id":"https:\/\/pulsarproperties.es\/aviso-legal\/#breadcrumb","itemListElement":[{"@type":"ListItem","position":1,"name":"Portada","item":"https:\/\/pulsarproperties.es\/"},{"@type":"ListItem","position":2,"name":"Aviso Legal"}]},{"@type":"WebSite","@id":"https:\/\/pulsarproperties.es\/#website","url":"https:\/\/pulsarproperties.es\/","name":"Pulsar Properties","description":"Expertos en infraestructuras log\u00edsticas","publisher":{"@id":"https:\/\/pulsarproperties.es\/#organization"},"alternateName":"Pulsar Properties","potentialAction":[{"@type":"SearchAction","target":{"@type":"EntryPoint","urlTemplate":"https:\/\/pulsarproperties.es\/?s={search_term_string}"},"query-input":{"@type":"PropertyValueSpecification","valueRequired":true,"valueName":"search_term_string"}}],"inLanguage":"en-GB"},{"@type":"Organization","@id":"https:\/\/pulsarproperties.es\/#organization","name":"Pulsar Properties","alternateName":"Pulsar Properties","url":"https:\/\/pulsarproperties.es\/","logo":{"@type":"ImageObject","inLanguage":"en-GB","@id":"https:\/\/pulsarproperties.es\/#\/schema\/logo\/image\/","url":"https:\/\/pulsarproperties.es\/wp-content\/uploads\/pulsar-properties-logo.png","contentUrl":"https:\/\/pulsarproperties.es\/wp-content\/uploads\/pulsar-properties-logo.png","width":425,"height":201,"caption":"Pulsar Properties"},"image":{"@id":"https:\/\/pulsarproperties.es\/#\/schema\/logo\/image\/"},"sameAs":["https:\/\/x.com\/pulsarpropertie","https:\/\/www.linkedin.com\/company\/grupo-pulsar?originalSubdomain=es"]}]}},"_links":{"self":[{"href":"https:\/\/pulsarproperties.es\/en\/wp-json\/wp\/v2\/pages\/534","targetHints":{"allow":["GET"]}}],"collection":[{"href":"https:\/\/pulsarproperties.es\/en\/wp-json\/wp\/v2\/pages"}],"about":[{"href":"https:\/\/pulsarproperties.es\/en\/wp-json\/wp\/v2\/types\/page"}],"author":[{"embeddable":true,"href":"https:\/\/pulsarproperties.es\/en\/wp-json\/wp\/v2\/users\/1"}],"replies":[{"embeddable":true,"href":"https:\/\/pulsarproperties.es\/en\/wp-json\/wp\/v2\/comments?post=534"}],"version-history":[{"count":0,"href":"https:\/\/pulsarproperties.es\/en\/wp-json\/wp\/v2\/pages\/534\/revisions"}],"wp:attachment":[{"href":"https:\/\/pulsarproperties.es\/en\/wp-json\/wp\/v2\/media?parent=534"}],"curies":[{"name":"wp","href":"https:\/\/api.w.org\/{rel}","templated":true}]}}